{"id":1050,"date":"2024-04-28T22:03:39","date_gmt":"2024-04-28T20:03:39","guid":{"rendered":"https:\/\/pordzewione.pl\/?page_id=1050"},"modified":"2024-04-28T22:48:16","modified_gmt":"2024-04-28T20:48:16","slug":"odstapienie-od-umowy","status":"publish","type":"page","link":"https:\/\/pordzewione.pl\/?page_id=1050","title":{"rendered":"Odst\u0105pienie od umowy"},"content":{"rendered":"<style>\/*! elementor - v3.19.0 - 07-02-2024 *\/<br \/>\n.elementor-heading-title{padding:0;margin:0;line-height:1}.elementor-widget-heading .elementor-heading-title[class*=elementor-size-]>a{color:inherit;font-size:inherit;line-height:inherit}.elementor-widget-heading .elementor-heading-title.elementor-size-small{font-size:15px}.elementor-widget-heading .elementor-heading-title.elementor-size-medium{font-size:19px}.elementor-widget-heading .elementor-heading-title.elementor-size-large{font-size:29px}.elementor-widget-heading .elementor-heading-title.elementor-size-xl{font-size:39px}.elementor-widget-heading .elementor-heading-title.elementor-size-xxl{font-size:59px}<\/style>\n<h2>Odst\u0105pienie od umowy<\/h2>\n<p style=\"outline-color: #000000; margin-bottom: 12px; font-style: normal; font-variant-ligatures: normal; font-variant-caps: normal; font-weight: 400; font-size: medium; line-height: 24px; font-family: Roboto, sans-serif; color: #1a1a1a;\"><strong style=\"outline-color: #000000; font-size: inherit;\">Informacja dla konsumenta o prawie odst\u0105pienia od umowy zawartej na odleg\u0142o\u015b\u0107<\/strong><\/p>\n<p style=\"outline-color: #000000; margin-bottom: 12px; font-style: normal; font-variant-ligatures: normal; font-variant-caps: normal; font-weight: 400; font-size: medium; line-height: 24px; font-family: Roboto, sans-serif; color: #1a1a1a;\">B\u0119d\u0105c konsumentem maj\u0105 Pa\u0144stwo prawo odst\u0105pi\u0107 od umowy zawartej w Sklepie Internetowym w terminie 14 dni bez podania jakiejkolwiek przyczyny. Termin do odst\u0105pienia od umowy wygasa po up\u0142ywie 14 dni od dnia w kt\u00f3rym weszli Pa\u0144stwo w posiadanie rzeczy lub w kt\u00f3rym osoba trzecia inna ni\u017c przewo\u017anik i wskazana przez Pa\u0144stwa wesz\u0142a w posiadanie rzeczy. Aby skorzysta\u0107 z prawa odst\u0105pienia od umowy, musz\u0105 Pa\u0144stwo poinformowa\u0107 nas o swojej decyzji o odst\u0105pieniu od niniejszej umowy w drodze jednoznacznego o\u015bwiadczenia (na przyk\u0142ad pismo wys\u0142ane poczt\u0105 tradycyjn\u0105 lub poczt\u0105 elektroniczn\u0105). O\u015bwiadczenie mog\u0105 Pa\u0144stwo przes\u0142a\u0107 na przyk\u0142ad:<\/p>\n<ul style=\"outline-color: #000000; margin-top: 0px; margin-bottom: 12px; margin-left: 0px; padding-left: 32px; font-style: normal; font-variant-ligatures: normal; font-variant-caps: normal; font-weight: 400; font-size: medium; line-height: 24px; font-family: Roboto, sans-serif; list-style: circle; color: #1a1a1a;\">\n<li style=\"outline-color: #000000; margin-bottom: 12px; font-size: inherit; line-height: 24px;\">pisemnie na adres: Robert Horoszko, ul. \u0179r\u00f3dlana 47\/19, 33-380 Krynica Zdr\u00f3j;<\/li>\n<li style=\"outline-color: #000000; margin-bottom: 12px; font-size: inherit; line-height: 24px;\">w formie elektronicznej za po\u015brednictwem poczty elektronicznej na adres: kontakt@pordzewione.pl<\/li>\n<\/ul>\n<p style=\"outline-color: #000000; margin-bottom: 12px; font-style: normal; font-variant-ligatures: normal; font-variant-caps: normal; font-weight: 400; font-size: medium; line-height: 24px; font-family: Roboto, sans-serif; color: #1a1a1a;\">Przyk\u0142adowy wz\u00f3r formularza odst\u0105pienia od umowy zawarty jest w za\u0142\u0105czniku nr 2 do Ustawy o Prawach Konsumenta. Mog\u0105 Pa\u0144stwo skorzysta\u0107 z wzoru formularza odst\u0105pienia od umowy, jednak nie jest to obowi\u0105zkowe.<\/p>\n<p style=\"outline-color: #000000; margin-bottom: 12px; font-style: normal; font-variant-ligatures: normal; font-variant-caps: normal; font-weight: 400; font-size: medium; line-height: 24px; font-family: Roboto, sans-serif; color: #1a1a1a;\">Aby zachowa\u0107 termin do odst\u0105pienia od umowy, wystarczy, aby wys\u0142ali Pa\u0144stwo informacj\u0119 dotycz\u0105c\u0105 wykonania przys\u0142uguj\u0105cego Pa\u0144stwu prawa odst\u0105pienia od umowy przed up\u0142ywem terminu do odst\u0105pienia od umowy.<\/p>\n<p style=\"outline-color: #000000; margin-bottom: 12px; font-style: normal; font-variant-ligatures: normal; font-variant-caps: normal; font-weight: 400; font-size: medium; line-height: 24px; font-family: Roboto, sans-serif; color: #1a1a1a;\">W przypadku odst\u0105pienia od niniejszej umowy zwracamy Pa\u0144stwu wszystkie otrzymane od Pa\u0144stwa p\u0142atno\u015bci, w tym koszty dostarczenia rzeczy (z wyj\u0105tkiem dodatkowych koszt\u00f3w wynikaj\u0105cych z wybranego przez Pa\u0144stwa sposobu dostarczenia innego ni\u017c najta\u0144szy zwyk\u0142y spos\u00f3b dostarczenia oferowany przez nas), niezw\u0142ocznie, a w ka\u017cdym przypadku nie p\u00f3\u017aniej ni\u017c 14 dni od dnia, w kt\u00f3rym zostali\u015bmy poinformowani o Pa\u0144stwa decyzji o wykonaniu prawa odst\u0105pienia od niniejszej umowy. Zwrotu p\u0142atno\u015bci dokonamy przy u\u017cyciu takich samych sposob\u00f3w p\u0142atno\u015bci, jakie zosta\u0142y przez Pa\u0144stwa u\u017cyte w pierwotnej transakcji, chyba \u017ce wyra\u017anie zgodzili\u015bcie si\u0119 Pa\u0144stwo na inne rozwi\u0105zanie; w ka\u017cdym przypadku nie ponios\u0105 Pa\u0144stwo \u017cadnych op\u0142at w zwi\u0105zku z tym zwrotem. Mo\u017cemy wstrzyma\u0107 si\u0119 ze zwrotem p\u0142atno\u015bci do czasu otrzymania rzeczy lub do czasu dostarczenia nam dowodu jej odes\u0142ania, w zale\u017cno\u015bci od tego, kt\u00f3re zdarzenie nast\u0105pi wcze\u015bniej.<\/p>\n<p style=\"outline-color: #000000; margin-bottom: 12px; font-style: normal; font-variant-ligatures: normal; font-variant-caps: normal; font-weight: 400; font-size: medium; line-height: 24px; font-family: Roboto, sans-serif; color: #1a1a1a;\">Je\u017celi otrzymali Pa\u0144stwo rzecz, to prosz\u0119 odes\u0142a\u0107 lub przekaza\u0107 j\u0105 nam na adres:\u00a0ul. \u0179r\u00f3dlana 47\/19, 33-380 Krynica Zdr\u00f3j, niezw\u0142ocznie, a w ka\u017cdym razie nie p\u00f3\u017aniej ni\u017c 14 dni od dnia, w kt\u00f3rym poinformowali nas Pa\u0144stwo o odst\u0105pieniu od niniejszej umowy. Termin jest zachowany, je\u017celi ode\u015bl\u0105 Pa\u0144stwo rzecz przed up\u0142ywem terminu 14 dni. B\u0119d\u0105 Pa\u0144stwo musieli ponie\u015b\u0107 bezpo\u015brednie koszty zwrotu rzeczy. Odpowiadaj\u0105 Pa\u0144stwo tylko za zmniejszenie warto\u015bci rzeczy wynikaj\u0105ce z korzystania z niej w spos\u00f3b inny ni\u017c by\u0142o to konieczne do stwierdzenia charakteru, cech i funkcjonowania rzeczy.<\/p>\n<p style=\"outline-color: #000000; margin-bottom: 12px; font-style: normal; font-variant-ligatures: normal; font-variant-caps: normal; font-weight: 400; font-size: medium; line-height: 24px; font-family: Roboto, sans-serif; color: #1a1a1a;\">Wa\u017cne:\u00a0Prawo odst\u0105pienia od umowy zawartej na odleg\u0142o\u015b\u0107 nie przys\u0142uguje konsumentowi w odniesieniu do um\u00f3w\u00a0w kt\u00f3rej przedmiotem \u015bwiadczenia jest Produkt nieprefabrykowany, wyprodukowany wed\u0142ug specyfikacji konsumenta lub s\u0142u\u017c\u0105cy zaspokojeniu jego zindywidualizowanych potrzeb.<\/p>\n","protected":false},"excerpt":{"rendered":"<p>Odst\u0105pienie od umowy Informacja dla konsumenta o prawie odst\u0105pienia od umowy zawartej na odleg\u0142o\u015b\u0107 B\u0119d\u0105c konsumentem maj\u0105 Pa\u0144stwo prawo odst\u0105pi\u0107 od umowy zawartej w Sklepie Internetowym w terminie 14 dni bez podania jakiejkolwiek przyczyny. Termin do odst\u0105pienia od umowy wygasa po up\u0142ywie 14 dni od dnia w kt\u00f3rym weszli Pa\u0144stwo w posiadanie rzeczy lub w [&hellip;]<\/p>\n","protected":false},"author":1,"featured_media":0,"parent":0,"menu_order":0,"comment_status":"closed","ping_status":"closed","template":"","meta":{"ocean_post_layout":"","ocean_both_sidebars_style":"","ocean_both_sidebars_content_width":0,"ocean_both_sidebars_sidebars_width":0,"ocean_sidebar":"","ocean_second_sidebar":"","ocean_disable_margins":"enable","ocean_add_body_class":"","ocean_shortcode_before_top_bar":"","ocean_shortcode_after_top_bar":"","ocean_shortcode_before_header":"","ocean_shortcode_after_header":"","ocean_has_shortcode":"","ocean_shortcode_after_title":"","ocean_shortcode_before_footer_widgets":"","ocean_shortcode_after_footer_widgets":"","ocean_shortcode_before_footer_bottom":"","ocean_shortcode_after_footer_bottom":"","ocean_display_top_bar":"default","ocean_display_header":"default","ocean_header_style":"","ocean_center_header_left_menu":"","ocean_custom_header_template":"","ocean_custom_logo":0,"ocean_custom_retina_logo":0,"ocean_custom_logo_max_width":0,"ocean_custom_logo_tablet_max_width":0,"ocean_custom_logo_mobile_max_width":0,"ocean_custom_logo_max_height":0,"ocean_custom_logo_tablet_max_height":0,"ocean_custom_logo_mobile_max_height":0,"ocean_header_custom_menu":"","ocean_menu_typo_font_family":"","ocean_menu_typo_font_subset":"","ocean_menu_typo_font_size":0,"ocean_menu_typo_font_size_tablet":0,"ocean_menu_typo_font_size_mobile":0,"ocean_menu_typo_font_size_unit":"px","ocean_menu_typo_font_weight":"","ocean_menu_typo_font_weight_tablet":"","ocean_menu_typo_font_weight_mobile":"","ocean_menu_typo_transform":"","ocean_menu_typo_transform_tablet":"","ocean_menu_typo_transform_mobile":"","ocean_menu_typo_line_height":0,"ocean_menu_typo_line_height_tablet":0,"ocean_menu_typo_line_height_mobile":0,"ocean_menu_typo_line_height_unit":"","ocean_menu_typo_spacing":0,"ocean_menu_typo_spacing_tablet":0,"ocean_menu_typo_spacing_mobile":0,"ocean_menu_typo_spacing_unit":"","ocean_menu_link_color":"","ocean_menu_link_color_hover":"","ocean_menu_link_color_active":"","ocean_menu_link_background":"","ocean_menu_link_hover_background":"","ocean_menu_link_active_background":"","ocean_menu_social_links_bg":"","ocean_menu_social_hover_links_bg":"","ocean_menu_social_links_color":"","ocean_menu_social_hover_links_color":"","ocean_disable_title":"default","ocean_disable_heading":"default","ocean_post_title":"","ocean_post_subheading":"","ocean_post_title_style":"","ocean_post_title_background_color":"","ocean_post_title_background":0,"ocean_post_title_bg_image_position":"","ocean_post_title_bg_image_attachment":"","ocean_post_title_bg_image_repeat":"","ocean_post_title_bg_image_size":"","ocean_post_title_height":0,"ocean_post_title_bg_overlay":0.5,"ocean_post_title_bg_overlay_color":"","ocean_disable_breadcrumbs":"default","ocean_breadcrumbs_color":"","ocean_breadcrumbs_separator_color":"","ocean_breadcrumbs_links_color":"","ocean_breadcrumbs_links_hover_color":"","ocean_display_footer_widgets":"default","ocean_display_footer_bottom":"default","ocean_custom_footer_template":"","footnotes":""},"class_list":["post-1050","page","type-page","status-publish","hentry","entry","owp-thumbs-layout-horizontal","owp-btn-very-big","owp-tabs-layout-horizontal","has-no-thumbnails","has-product-nav"],"yoast_head":"<!-- This site is optimized with the Yoast SEO plugin v23.6 - https:\/\/yoast.com\/wordpress\/plugins\/seo\/ -->\n<title>Odst\u0105pienie od umowy - pordzewione<\/title>\n<meta name=\"robots\" content=\"index, follow, max-snippet:-1, max-image-preview:large, max-video-preview:-1\" \/>\n<link rel=\"canonical\" href=\"https:\/\/pordzewione.pl\/?page_id=1050\" \/>\n<meta property=\"og:locale\" content=\"pl_PL\" \/>\n<meta property=\"og:type\" content=\"article\" \/>\n<meta property=\"og:title\" content=\"Odst\u0105pienie od umowy - pordzewione\" \/>\n<meta property=\"og:description\" content=\"Odst\u0105pienie od umowy Informacja dla konsumenta o prawie odst\u0105pienia od umowy zawartej na odleg\u0142o\u015b\u0107 B\u0119d\u0105c konsumentem maj\u0105 Pa\u0144stwo prawo odst\u0105pi\u0107 od umowy zawartej w Sklepie Internetowym w terminie 14 dni bez podania jakiejkolwiek przyczyny. Termin do odst\u0105pienia od umowy wygasa po up\u0142ywie 14 dni od dnia w kt\u00f3rym weszli Pa\u0144stwo w posiadanie rzeczy lub w [&hellip;]\" \/>\n<meta property=\"og:url\" content=\"https:\/\/pordzewione.pl\/?page_id=1050\" \/>\n<meta property=\"og:site_name\" content=\"pordzewione\" \/>\n<meta property=\"article:publisher\" content=\"https:\/\/www.facebook.com\/profile.php?id=61555479644022&amp;locale=pl_PL\" \/>\n<meta property=\"article:modified_time\" content=\"2024-04-28T20:48:16+00:00\" \/>\n<meta name=\"twitter:card\" content=\"summary_large_image\" \/>\n<meta name=\"twitter:label1\" content=\"Szacowany czas czytania\" \/>\n\t<meta name=\"twitter:data1\" content=\"3 minuty\" \/>\n<script type=\"application\/ld+json\" class=\"yoast-schema-graph\">{\"@context\":\"https:\/\/schema.org\",\"@graph\":[{\"@type\":\"WebPage\",\"@id\":\"https:\/\/pordzewione.pl\/?page_id=1050\",\"url\":\"https:\/\/pordzewione.pl\/?page_id=1050\",\"name\":\"Odst\u0105pienie od umowy - pordzewione\",\"isPartOf\":{\"@id\":\"https:\/\/pordzewione.pl\/#website\"},\"datePublished\":\"2024-04-28T20:03:39+00:00\",\"dateModified\":\"2024-04-28T20:48:16+00:00\",\"breadcrumb\":{\"@id\":\"https:\/\/pordzewione.pl\/?page_id=1050#breadcrumb\"},\"inLanguage\":\"pl-PL\",\"potentialAction\":[{\"@type\":\"ReadAction\",\"target\":[\"https:\/\/pordzewione.pl\/?page_id=1050\"]}]},{\"@type\":\"BreadcrumbList\",\"@id\":\"https:\/\/pordzewione.pl\/?page_id=1050#breadcrumb\",\"itemListElement\":[{\"@type\":\"ListItem\",\"position\":1,\"name\":\"Strona g\u0142\u00f3wna\",\"item\":\"https:\/\/pordzewione.pl\/\"},{\"@type\":\"ListItem\",\"position\":2,\"name\":\"Odst\u0105pienie od umowy\"}]},{\"@type\":\"WebSite\",\"@id\":\"https:\/\/pordzewione.pl\/#website\",\"url\":\"https:\/\/pordzewione.pl\/\",\"name\":\"pordzewione\",\"description\":\"Rdza w ogrodzie\",\"publisher\":{\"@id\":\"https:\/\/pordzewione.pl\/#organization\"},\"potentialAction\":[{\"@type\":\"SearchAction\",\"target\":{\"@type\":\"EntryPoint\",\"urlTemplate\":\"https:\/\/pordzewione.pl\/?s={search_term_string}\"},\"query-input\":{\"@type\":\"PropertyValueSpecification\",\"valueRequired\":true,\"valueName\":\"search_term_string\"}}],\"inLanguage\":\"pl-PL\"},{\"@type\":\"Organization\",\"@id\":\"https:\/\/pordzewione.pl\/#organization\",\"name\":\"pordzewione\",\"url\":\"https:\/\/pordzewione.pl\/\",\"logo\":{\"@type\":\"ImageObject\",\"inLanguage\":\"pl-PL\",\"@id\":\"https:\/\/pordzewione.pl\/#\/schema\/logo\/image\/\",\"url\":\"https:\/\/pordzewione.pl\/wp-content\/uploads\/2024\/04\/cropped-IMG_2216-e1713294513315.png\",\"contentUrl\":\"https:\/\/pordzewione.pl\/wp-content\/uploads\/2024\/04\/cropped-IMG_2216-e1713294513315.png\",\"width\":781,\"height\":394,\"caption\":\"pordzewione\"},\"image\":{\"@id\":\"https:\/\/pordzewione.pl\/#\/schema\/logo\/image\/\"},\"sameAs\":[\"https:\/\/www.facebook.com\/profile.php?id=61555479644022&locale=pl_PL\",\"https:\/\/www.instagram.com\/pordzewione?fbclid=IwY2xjawGDjIdleHRuA2FlbQIxMAABHVtCkg3oYEIUFpDPouTNWOy9NQl_3mFaSwsEOTkriWa1tmWTw5O9AARs5w_aem_SNzw_mtwQbp02WXEccKYMA\"]}]}<\/script>\n<!-- \/ Yoast SEO plugin. -->","yoast_head_json":{"title":"Odst\u0105pienie od umowy - pordzewione","robots":{"index":"index","follow":"follow","max-snippet":"max-snippet:-1","max-image-preview":"max-image-preview:large","max-video-preview":"max-video-preview:-1"},"canonical":"https:\/\/pordzewione.pl\/?page_id=1050","og_locale":"pl_PL","og_type":"article","og_title":"Odst\u0105pienie od umowy - pordzewione","og_description":"Odst\u0105pienie od umowy Informacja dla konsumenta o prawie odst\u0105pienia od umowy zawartej na odleg\u0142o\u015b\u0107 B\u0119d\u0105c konsumentem maj\u0105 Pa\u0144stwo prawo odst\u0105pi\u0107 od umowy zawartej w Sklepie Internetowym w terminie 14 dni bez podania jakiejkolwiek przyczyny. Termin do odst\u0105pienia od umowy wygasa po up\u0142ywie 14 dni od dnia w kt\u00f3rym weszli Pa\u0144stwo w posiadanie rzeczy lub w [&hellip;]","og_url":"https:\/\/pordzewione.pl\/?page_id=1050","og_site_name":"pordzewione","article_publisher":"https:\/\/www.facebook.com\/profile.php?id=61555479644022&locale=pl_PL","article_modified_time":"2024-04-28T20:48:16+00:00","twitter_card":"summary_large_image","twitter_misc":{"Szacowany czas czytania":"3 minuty"},"schema":{"@context":"https:\/\/schema.org","@graph":[{"@type":"WebPage","@id":"https:\/\/pordzewione.pl\/?page_id=1050","url":"https:\/\/pordzewione.pl\/?page_id=1050","name":"Odst\u0105pienie od umowy - pordzewione","isPartOf":{"@id":"https:\/\/pordzewione.pl\/#website"},"datePublished":"2024-04-28T20:03:39+00:00","dateModified":"2024-04-28T20:48:16+00:00","breadcrumb":{"@id":"https:\/\/pordzewione.pl\/?page_id=1050#breadcrumb"},"inLanguage":"pl-PL","potentialAction":[{"@type":"ReadAction","target":["https:\/\/pordzewione.pl\/?page_id=1050"]}]},{"@type":"BreadcrumbList","@id":"https:\/\/pordzewione.pl\/?page_id=1050#breadcrumb","itemListElement":[{"@type":"ListItem","position":1,"name":"Strona g\u0142\u00f3wna","item":"https:\/\/pordzewione.pl\/"},{"@type":"ListItem","position":2,"name":"Odst\u0105pienie od umowy"}]},{"@type":"WebSite","@id":"https:\/\/pordzewione.pl\/#website","url":"https:\/\/pordzewione.pl\/","name":"pordzewione","description":"Rdza w ogrodzie","publisher":{"@id":"https:\/\/pordzewione.pl\/#organization"},"potentialAction":[{"@type":"SearchAction","target":{"@type":"EntryPoint","urlTemplate":"https:\/\/pordzewione.pl\/?s={search_term_string}"},"query-input":{"@type":"PropertyValueSpecification","valueRequired":true,"valueName":"search_term_string"}}],"inLanguage":"pl-PL"},{"@type":"Organization","@id":"https:\/\/pordzewione.pl\/#organization","name":"pordzewione","url":"https:\/\/pordzewione.pl\/","logo":{"@type":"ImageObject","inLanguage":"pl-PL","@id":"https:\/\/pordzewione.pl\/#\/schema\/logo\/image\/","url":"https:\/\/pordzewione.pl\/wp-content\/uploads\/2024\/04\/cropped-IMG_2216-e1713294513315.png","contentUrl":"https:\/\/pordzewione.pl\/wp-content\/uploads\/2024\/04\/cropped-IMG_2216-e1713294513315.png","width":781,"height":394,"caption":"pordzewione"},"image":{"@id":"https:\/\/pordzewione.pl\/#\/schema\/logo\/image\/"},"sameAs":["https:\/\/www.facebook.com\/profile.php?id=61555479644022&locale=pl_PL","https:\/\/www.instagram.com\/pordzewione?fbclid=IwY2xjawGDjIdleHRuA2FlbQIxMAABHVtCkg3oYEIUFpDPouTNWOy9NQl_3mFaSwsEOTkriWa1tmWTw5O9AARs5w_aem_SNzw_mtwQbp02WXEccKYMA"]}]}},"jetpack_sharing_enabled":true,"_links":{"self":[{"href":"https:\/\/pordzewione.pl\/index.php?rest_route=\/wp\/v2\/pages\/1050","targetHints":{"allow":["GET"]}}],"collection":[{"href":"https:\/\/pordzewione.pl\/index.php?rest_route=\/wp\/v2\/pages"}],"about":[{"href":"https:\/\/pordzewione.pl\/index.php?rest_route=\/wp\/v2\/types\/page"}],"author":[{"embeddable":true,"href":"https:\/\/pordzewione.pl\/index.php?rest_route=\/wp\/v2\/users\/1"}],"replies":[{"embeddable":true,"href":"https:\/\/pordzewione.pl\/index.php?rest_route=%2Fwp%2Fv2%2Fcomments&post=1050"}],"version-history":[{"count":14,"href":"https:\/\/pordzewione.pl\/index.php?rest_route=\/wp\/v2\/pages\/1050\/revisions"}],"predecessor-version":[{"id":1084,"href":"https:\/\/pordzewione.pl\/index.php?rest_route=\/wp\/v2\/pages\/1050\/revisions\/1084"}],"wp:attachment":[{"href":"https:\/\/pordzewione.pl\/index.php?rest_route=%2Fwp%2Fv2%2Fmedia&parent=1050"}],"curies":[{"name":"wp","href":"https:\/\/api.w.org\/{rel}","templated":true}]}}