{"id":1053,"date":"2024-04-28T22:04:42","date_gmt":"2024-04-28T20:04:42","guid":{"rendered":"https:\/\/pordzewione.pl\/?page_id=1053"},"modified":"2024-04-28T22:47:00","modified_gmt":"2024-04-28T20:47:00","slug":"reklamacje","status":"publish","type":"page","link":"https:\/\/pordzewione.pl\/?page_id=1053","title":{"rendered":"Reklamacje"},"content":{"rendered":"\n\n\n<p><\/p>\n\n\n\n<h2 class=\"wp-block-heading\">Reklamacje<\/h2>\n\n\n\n<p><strong>Szanowny Kliencie,<\/strong><\/p>\n\n\n\n<p>dbamy o Twoje prawa, w tym tak\u017ce o prawo do z\u0142o\u017cenia reklamacji. Poni\u017cej znajdziesz szczeg\u00f3\u0142owe informacje dotycz\u0105ce naszej odpowiedzialno\u015bci z tytu\u0142u wady sprzedanego przez nas produktu oraz Twoich uprawnie\u0144 zwi\u0105zanych z reklamacj\u0105 na podstawie ustawowej \u2013 z tytu\u0142u r\u0119kojmi.<\/p>\n\n\n\n<p>Podstawa i zakres naszej odpowiedzialno\u015bci za wady produktu z tytu\u0142u r\u0119kojmi jest okre\u015blona powszechnie obowi\u0105zuj\u0105cymi przepisami prawa, w szczeg\u00f3lno\u015bci przepisami Kodeksu Cywilnego.<\/p>\n\n\n\n<p>Mamy obowi\u0105zek dostarczy\u0107 produkt bez wad. Odpowiadamy z tytu\u0142u r\u0119kojmi, je\u017celi wada fizyczna produktu zostanie stwierdzona przed up\u0142ywem dw\u00f3ch lat od dnia jego wydania kupuj\u0105cemu. Wa\u017cne! Jeste\u015bmy odpowiedzialny z tytu\u0142u r\u0119kojmi za wady fizyczne, kt\u00f3re istnia\u0142y w chwili przej\u015bcia niebezpiecze\u0144stwa na kupuj\u0105cego lub wynik\u0142y z przyczyny tkwi\u0105cej w rzeczy sprzedanej w tej samej chwili.<\/p>\n\n\n\n<p>Reklamacj\u0119 mo\u017cesz z\u0142o\u017cy\u0107 na przyk\u0142ad:<\/p>\n\n\n\n<ul class=\"wp-block-list\">\n<li>pisemnie na adres: \u0179r\u00f3dlana 47\/19, 33-380 Krynica Zdr\u00f3j;<\/li>\n\n\n\n<li>w formie elektronicznej za po\u015brednictwem poczty elektronicznej na adres:\u00a0<a href=\"mailto:kontakt@pordzewione.pl;\">kontakt@pordzewione.pl;<\/a><\/li>\n<\/ul>\n\n\n\n<p>Podaj w opisie reklamacji: (1) informacje i okoliczno\u015bci dotycz\u0105cych przedmiotu reklamacji, w szczeg\u00f3lno\u015bci rodzaju i daty wyst\u0105pienia wady; (2) \u017c\u0105danie sposobu doprowadzenia produktu do zgodno\u015bci z umow\u0105 sprzeda\u017cy lub o\u015bwiadczenie o obni\u017ceniu ceny albo odst\u0105pieniu od umowy sprzeda\u017cy; oraz (3) swoje dane kontaktowe \u2013 u\u0142atwi to i przyspieszy rozpatrzenie Twojej reklamacji. Pami\u0119taj, \u017ce wymogi podane w zdaniu poprzednim maj\u0105 form\u0119 jedynie zalecenia i nie wp\u0142ywaj\u0105 na skuteczno\u015b\u0107 reklamacji z\u0142o\u017conych z pomini\u0119ciem zalecanego opisu reklamacji.<\/p>\n\n\n\n<p>Podstawowe uprawnienia kupuj\u0105cego w zwi\u0105zku z reklamacj\u0105 produktu:<\/p>\n\n\n\n<p id=\"mcetoc_1e3s9o4ph8\">W tym wypadku uprawnienia maj\u0105 co do zasady charakter&nbsp;r\u00f3wnorz\u0119dny, co oznacza, \u017ce masz mo\u017cliwo\u015b\u0107 korzystania od razu zar\u00f3wno z pierwszej, jak i drugiej grupy uprawnie\u0144:<\/p>\n\n\n\n<ul class=\"wp-block-list\">\n<li>Grupa: obni\u017cenie ceny \/zwrot pieni\u0119dzy<\/li>\n<\/ul>\n\n\n\n<p id=\"mcetoc_1e3s9o4ph9\">Je\u017celi sprzedany produkt ma wad\u0119, mo\u017cesz z\u0142o\u017cy\u0107 o\u015bwiadczenie o obni\u017ceniu ceny albo odst\u0105pieniu od umowy, chyba \u017ce niezw\u0142ocznie i bez nadmiernych niedogodno\u015bci dla Ciebie wymienimy wadliwy Produkt na wolny od wad albo wad\u0119 usuniemy.<\/p>\n\n\n\n<p id=\"mcetoc_1e3s9o4pha\">Wa\u017cne! Ograniczenie to nie ma zastosowania, je\u017celi produkt by\u0142 ju\u017c przez nas wymieniony lub naprawiany albo je\u017celi nie uczynili\u015bmy zado\u015b\u0107 obowi\u0105zkowi wymiany produktu na wolny od wad lub usuni\u0119cia wady.<\/p>\n\n\n\n<ul class=\"wp-block-list\">\n<li>Je\u017celi Klientem jest konsument, mo\u017ce zamiast zaproponowanego przez nas zgodnie z postanowieniami powy\u017cej usuni\u0119cia wady \u017c\u0105da\u0107 wymiany produktu na wolny od wad albo zamiast wymiany produktu \u017c\u0105da\u0107 usuni\u0119cia wady, chyba \u017ce doprowadzenie produktu do zgodno\u015bci z umow\u0105 sprzeda\u017cy w spos\u00f3b wybrany przez Ciebie jest niemo\u017cliwe albo wymaga\u0142oby nadmiernych koszt\u00f3w w por\u00f3wnaniu ze sposobem proponowanym przez nas.<\/li>\n<\/ul>\n\n\n\n<p id=\"mcetoc_1e3s9o4phb\">Wa\u017cne! Klient nie mo\u017ce odst\u0105pi\u0107 od umowy, je\u017celi wada jest nieistotna.<\/p>\n\n\n\n<ul class=\"wp-block-list\">\n<li>Grupa: naprawa\/wymiana<\/li>\n<\/ul>\n\n\n\n<p>Je\u017celi sprzedany produkt ma wad\u0119, mo\u017cesz \u017c\u0105da\u0107 wymiany produktu na wolny od wad albo usuni\u0119cia wady. Mo\u017cemy jednak odm\u00f3wi\u0107 zado\u015b\u0107uczynienia Twojemu \u017c\u0105daniu, je\u017celi doprowadzenie do zgodno\u015bci z umow\u0105 produktu wadliwego w spos\u00f3b wybrany przez Ciebie jest niemo\u017cliwe albo w por\u00f3wnaniu z drugim mo\u017cliwym sposobem doprowadzenia do zgodno\u015bci z umow\u0105 wymaga\u0142oby nadmiernych koszt\u00f3w.<\/p>\n\n\n\n<p>Pami\u0119taj, \u017ce klient, kt\u00f3ry wykonuje uprawnienia z tytu\u0142u r\u0119kojmi, jest obowi\u0105zany na nasz koszt dostarczy\u0107 produkt wadliwy na adres:&nbsp;\u0179r\u00f3dlana 47\/19, 33-380 Krynica Zdr\u00f3j. Je\u017celi jednak ze wzgl\u0119du na rodzaj produktu lub spos\u00f3b jego zamontowania jego dostarczenie by\u0142oby nadmiernie utrudnione, Klient obowi\u0105zany jest nam udost\u0119pni\u0107 produkt w miejscu, w kt\u00f3rym produkt si\u0119 znajduje.<\/p>\n\n\n\n<p>Ustosunkujemy si\u0119 do Twojej reklamacji niezw\u0142ocznie, nie p\u00f3\u017aniej ni\u017c w terminie 14 dni kalendarzowych od dnia jej z\u0142o\u017cenia. Wa\u017cne! Brak ustosunkowania si\u0119 w powy\u017cszym terminie oznacza, \u017ce uznali\u015bmy reklamacj\u0119 za uzasadnion\u0105.<\/p>\n\n\n\n<p>Konsument ma r\u00f3wnie\u017c mo\u017cliwo\u015b\u0107 skorzystania z pozas\u0105dowych sposob\u00f3w rozpatrywania spor\u00f3w.<\/p>\n\n\n\n<p>Szczeg\u00f3\u0142owe informacje dotycz\u0105ce mo\u017cliwo\u015bci skorzystania przez Klienta b\u0119d\u0105cego konsumentem z pozas\u0105dowych sposob\u00f3w rozpatrywania reklamacji i dochodzenia roszcze\u0144 oraz zasady dost\u0119pu do tych procedur dost\u0119pne s\u0105 na stronie internetowej Urz\u0119du Ochrony Konkurencji i Konsument\u00f3w pod adresem: https:\/\/uokik.gov.pl\/pozasadowe_rozwiazywanie_sporow_konsumenckich.php.<\/p>\n\n\n\n<p>Przy Prezesie Urz\u0119du Ochrony Konkurencji i Konsument\u00f3w dzia\u0142a tak\u017ce punkt kontaktowy (telefon: 22 55 60 333, email: kontakt.adr@uokik.gov.pl lub adres pisemny: Pl. Powsta\u0144c\u00f3w Warszawy 1, 00-030 Warszawa.), kt\u00f3rego zadaniem jest mi\u0119dzy innymi udzielanie pomocy konsumentom w sprawach dotycz\u0105cych pozas\u0105dowego rozwi\u0105zywania spor\u00f3w konsumenckich.<\/p>\n\n\n\n<p>Konsument posiada nast\u0119puj\u0105ce przyk\u0142adowe mo\u017cliwo\u015bci skorzystania z pozas\u0105dowych sposob\u00f3w rozpatrywania reklamacji i dochodzenia roszcze\u0144: (1) wniosek o rozstrzygni\u0119cie sporu do sta\u0142ego polubownego s\u0105du konsumenckiego (wi\u0119cej informacji na stronie: http:\/\/www.spsk.wiih.org.pl\/); (2) wniosek w sprawie pozas\u0105dowego rozwi\u0105zania sporu do wojew\u00f3dzkiego inspektora Inspekcji Handlowej (wi\u0119cej informacji na stronie inspektora w\u0142a\u015bciwego ze wzgl\u0119du na miejsce wykonywania dzia\u0142alno\u015bci gospodarczej przez Sprzedawc\u0119); oraz (3) pomoc powiatowego (miejskiego) rzecznika konsument\u00f3w lub organizacji spo\u0142ecznej, do kt\u00f3rej zada\u0144 statutowych nale\u017cy ochrona konsument\u00f3w (m.in. Federacja Konsument\u00f3w, Stowarzyszenie Konsument\u00f3w Polskich). Porady udzielane s\u0105 mi\u0119dzy innymi mailowo pod adresem porady@dlakonsumentow.pl oraz pod numerem infolinii konsumenckiej 801 440 220 (infolinia czynna w Dni Robocze, w godzinach 8:00 &#8211; 18:00, op\u0142ata za po\u0142\u0105czenie wg taryfy operatora).<\/p>\n\n\n\n<p>Pod adresem http:\/\/ec.europa.eu\/consumers\/odr dost\u0119pna jest platforma internetowego systemu rozstrzygania spor\u00f3w pomi\u0119dzy konsumentami i przedsi\u0119biorcami na szczeblu unijnym (platforma ODR). Platforma ODR stanowi interaktywn\u0105 i wieloj\u0119zyczn\u0105 stron\u0119 internetow\u0105 z punktem kompleksowej obs\u0142ugi dla konsument\u00f3w i przedsi\u0119biorc\u00f3w d\u0105\u017c\u0105cych do pozas\u0105dowego rozstrzygni\u0119cia sporu dotycz\u0105cego zobowi\u0105za\u0144 umownych wynikaj\u0105cych z internetowej umowy sprzeda\u017cy lub umowy o \u015bwiadczenie us\u0142ug (wi\u0119cej informacji na stronie samej platformy lub pod adresem internetowym Urz\u0119du Ochrony Konkurencji i Konsument\u00f3w:&nbsp;<a href=\"https:\/\/uokik.gov.pl\/spory_konsumenckie_faq_platforma_odr.php\">https:\/\/uokik.gov.pl\/spory_konsumenckie_faq_platforma_odr.php<\/a>).<\/p>\n\n\n\n<p>Inne reklamacje<\/p>\n\n\n\n<p>W ten sam spos\u00f3b jak wy\u017cej mo\u017cesz z\u0142o\u017cy\u0107 tak\u017ce reklamacj\u0119 zwi\u0105zane ze \u015bwiadczeniem za pomoc\u0105 naszego sklepu internetowego us\u0142ug elektronicznych (np. konto lub formularz zam\u00f3wienia) oraz inne reklamacje zwi\u0105zane z dzia\u0142aniem naszego sklepu internetowego. &nbsp;<\/p>\n\n\n\n<p>W opisie reklamacji podaj (1) informacje i okoliczno\u015bci dotycz\u0105ce przedmiotu reklamacji, w szczeg\u00f3lno\u015bci rodzaj i dat\u0119 wyst\u0105pienia nieprawid\u0142owo\u015bci; (2) Twoje \u017c\u0105danie; oraz (3) dane kontaktowe \u2013 u\u0142atwi to i przyspieszy rozpatrzenie reklamacji. Pami\u0119taj, \u017ce wymogi podane w zdaniu poprzednim maj\u0105 form\u0119 jedynie zalecenia i nie wp\u0142ywaj\u0105 na skuteczno\u015b\u0107 reklamacji z\u0142o\u017conych z pomini\u0119ciem zalecanego opisu reklamacji.<\/p>\n","protected":false},"excerpt":{"rendered":"<p>Reklamacje Szanowny Kliencie, dbamy o Twoje prawa, w tym tak\u017ce o prawo do z\u0142o\u017cenia reklamacji. Poni\u017cej znajdziesz szczeg\u00f3\u0142owe informacje dotycz\u0105ce naszej odpowiedzialno\u015bci z tytu\u0142u wady sprzedanego przez nas produktu oraz Twoich uprawnie\u0144 zwi\u0105zanych z reklamacj\u0105 na podstawie ustawowej \u2013 z tytu\u0142u r\u0119kojmi. Podstawa i zakres naszej odpowiedzialno\u015bci za wady produktu z tytu\u0142u r\u0119kojmi jest okre\u015blona [&hellip;]<\/p>\n","protected":false},"author":1,"featured_media":0,"parent":0,"menu_order":0,"comment_status":"closed","ping_status":"closed","template":"","meta":{"ocean_post_layout":"","ocean_both_sidebars_style":"","ocean_both_sidebars_content_width":0,"ocean_both_sidebars_sidebars_width":0,"ocean_sidebar":"","ocean_second_sidebar":"","ocean_disable_margins":"enable","ocean_add_body_class":"","ocean_shortcode_before_top_bar":"","ocean_shortcode_after_top_bar":"","ocean_shortcode_before_header":"","ocean_shortcode_after_header":"","ocean_has_shortcode":"","ocean_shortcode_after_title":"","ocean_shortcode_before_footer_widgets":"","ocean_shortcode_after_footer_widgets":"","ocean_shortcode_before_footer_bottom":"","ocean_shortcode_after_footer_bottom":"","ocean_display_top_bar":"default","ocean_display_header":"default","ocean_header_style":"","ocean_center_header_left_menu":"","ocean_custom_header_template":"","ocean_custom_logo":0,"ocean_custom_retina_logo":0,"ocean_custom_logo_max_width":0,"ocean_custom_logo_tablet_max_width":0,"ocean_custom_logo_mobile_max_width":0,"ocean_custom_logo_max_height":0,"ocean_custom_logo_tablet_max_height":0,"ocean_custom_logo_mobile_max_height":0,"ocean_header_custom_menu":"","ocean_menu_typo_font_family":"","ocean_menu_typo_font_subset":"","ocean_menu_typo_font_size":0,"ocean_menu_typo_font_size_tablet":0,"ocean_menu_typo_font_size_mobile":0,"ocean_menu_typo_font_size_unit":"px","ocean_menu_typo_font_weight":"","ocean_menu_typo_font_weight_tablet":"","ocean_menu_typo_font_weight_mobile":"","ocean_menu_typo_transform":"","ocean_menu_typo_transform_tablet":"","ocean_menu_typo_transform_mobile":"","ocean_menu_typo_line_height":0,"ocean_menu_typo_line_height_tablet":0,"ocean_menu_typo_line_height_mobile":0,"ocean_menu_typo_line_height_unit":"","ocean_menu_typo_spacing":0,"ocean_menu_typo_spacing_tablet":0,"ocean_menu_typo_spacing_mobile":0,"ocean_menu_typo_spacing_unit":"","ocean_menu_link_color":"","ocean_menu_link_color_hover":"","ocean_menu_link_color_active":"","ocean_menu_link_background":"","ocean_menu_link_hover_background":"","ocean_menu_link_active_background":"","ocean_menu_social_links_bg":"","ocean_menu_social_hover_links_bg":"","ocean_menu_social_links_color":"","ocean_menu_social_hover_links_color":"","ocean_disable_title":"default","ocean_disable_heading":"default","ocean_post_title":"","ocean_post_subheading":"","ocean_post_title_style":"","ocean_post_title_background_color":"","ocean_post_title_background":0,"ocean_post_title_bg_image_position":"","ocean_post_title_bg_image_attachment":"","ocean_post_title_bg_image_repeat":"","ocean_post_title_bg_image_size":"","ocean_post_title_height":0,"ocean_post_title_bg_overlay":0.5,"ocean_post_title_bg_overlay_color":"","ocean_disable_breadcrumbs":"default","ocean_breadcrumbs_color":"","ocean_breadcrumbs_separator_color":"","ocean_breadcrumbs_links_color":"","ocean_breadcrumbs_links_hover_color":"","ocean_display_footer_widgets":"default","ocean_display_footer_bottom":"default","ocean_custom_footer_template":"","footnotes":""},"class_list":["post-1053","page","type-page","status-publish","hentry","entry","owp-thumbs-layout-horizontal","owp-btn-very-big","owp-tabs-layout-horizontal","has-no-thumbnails","has-product-nav"],"yoast_head":"<!-- This site is optimized with the Yoast SEO plugin v23.6 - https:\/\/yoast.com\/wordpress\/plugins\/seo\/ -->\n<title>Reklamacje - pordzewione<\/title>\n<meta name=\"robots\" content=\"index, follow, max-snippet:-1, max-image-preview:large, max-video-preview:-1\" \/>\n<link rel=\"canonical\" href=\"https:\/\/pordzewione.pl\/?page_id=1053\" \/>\n<meta property=\"og:locale\" content=\"pl_PL\" \/>\n<meta property=\"og:type\" content=\"article\" \/>\n<meta property=\"og:title\" content=\"Reklamacje - pordzewione\" \/>\n<meta property=\"og:description\" content=\"Reklamacje Szanowny Kliencie, dbamy o Twoje prawa, w tym tak\u017ce o prawo do z\u0142o\u017cenia reklamacji. Poni\u017cej znajdziesz szczeg\u00f3\u0142owe informacje dotycz\u0105ce naszej odpowiedzialno\u015bci z tytu\u0142u wady sprzedanego przez nas produktu oraz Twoich uprawnie\u0144 zwi\u0105zanych z reklamacj\u0105 na podstawie ustawowej \u2013 z tytu\u0142u r\u0119kojmi. Podstawa i zakres naszej odpowiedzialno\u015bci za wady produktu z tytu\u0142u r\u0119kojmi jest okre\u015blona [&hellip;]\" \/>\n<meta property=\"og:url\" content=\"https:\/\/pordzewione.pl\/?page_id=1053\" \/>\n<meta property=\"og:site_name\" content=\"pordzewione\" \/>\n<meta property=\"article:publisher\" content=\"https:\/\/www.facebook.com\/profile.php?id=61555479644022&amp;locale=pl_PL\" \/>\n<meta property=\"article:modified_time\" content=\"2024-04-28T20:47:00+00:00\" \/>\n<meta name=\"twitter:card\" content=\"summary_large_image\" \/>\n<meta name=\"twitter:label1\" content=\"Szacowany czas czytania\" \/>\n\t<meta name=\"twitter:data1\" content=\"6 minut\" \/>\n<script type=\"application\/ld+json\" class=\"yoast-schema-graph\">{\"@context\":\"https:\/\/schema.org\",\"@graph\":[{\"@type\":\"WebPage\",\"@id\":\"https:\/\/pordzewione.pl\/?page_id=1053\",\"url\":\"https:\/\/pordzewione.pl\/?page_id=1053\",\"name\":\"Reklamacje - pordzewione\",\"isPartOf\":{\"@id\":\"https:\/\/pordzewione.pl\/#website\"},\"datePublished\":\"2024-04-28T20:04:42+00:00\",\"dateModified\":\"2024-04-28T20:47:00+00:00\",\"breadcrumb\":{\"@id\":\"https:\/\/pordzewione.pl\/?page_id=1053#breadcrumb\"},\"inLanguage\":\"pl-PL\",\"potentialAction\":[{\"@type\":\"ReadAction\",\"target\":[\"https:\/\/pordzewione.pl\/?page_id=1053\"]}]},{\"@type\":\"BreadcrumbList\",\"@id\":\"https:\/\/pordzewione.pl\/?page_id=1053#breadcrumb\",\"itemListElement\":[{\"@type\":\"ListItem\",\"position\":1,\"name\":\"Strona g\u0142\u00f3wna\",\"item\":\"https:\/\/pordzewione.pl\/\"},{\"@type\":\"ListItem\",\"position\":2,\"name\":\"Reklamacje\"}]},{\"@type\":\"WebSite\",\"@id\":\"https:\/\/pordzewione.pl\/#website\",\"url\":\"https:\/\/pordzewione.pl\/\",\"name\":\"pordzewione\",\"description\":\"Rdza w ogrodzie\",\"publisher\":{\"@id\":\"https:\/\/pordzewione.pl\/#organization\"},\"potentialAction\":[{\"@type\":\"SearchAction\",\"target\":{\"@type\":\"EntryPoint\",\"urlTemplate\":\"https:\/\/pordzewione.pl\/?s={search_term_string}\"},\"query-input\":{\"@type\":\"PropertyValueSpecification\",\"valueRequired\":true,\"valueName\":\"search_term_string\"}}],\"inLanguage\":\"pl-PL\"},{\"@type\":\"Organization\",\"@id\":\"https:\/\/pordzewione.pl\/#organization\",\"name\":\"pordzewione\",\"url\":\"https:\/\/pordzewione.pl\/\",\"logo\":{\"@type\":\"ImageObject\",\"inLanguage\":\"pl-PL\",\"@id\":\"https:\/\/pordzewione.pl\/#\/schema\/logo\/image\/\",\"url\":\"https:\/\/pordzewione.pl\/wp-content\/uploads\/2024\/04\/cropped-IMG_2216-e1713294513315.png\",\"contentUrl\":\"https:\/\/pordzewione.pl\/wp-content\/uploads\/2024\/04\/cropped-IMG_2216-e1713294513315.png\",\"width\":781,\"height\":394,\"caption\":\"pordzewione\"},\"image\":{\"@id\":\"https:\/\/pordzewione.pl\/#\/schema\/logo\/image\/\"},\"sameAs\":[\"https:\/\/www.facebook.com\/profile.php?id=61555479644022&locale=pl_PL\",\"https:\/\/www.instagram.com\/pordzewione?fbclid=IwY2xjawGDjIdleHRuA2FlbQIxMAABHVtCkg3oYEIUFpDPouTNWOy9NQl_3mFaSwsEOTkriWa1tmWTw5O9AARs5w_aem_SNzw_mtwQbp02WXEccKYMA\"]}]}<\/script>\n<!-- \/ Yoast SEO plugin. -->","yoast_head_json":{"title":"Reklamacje - pordzewione","robots":{"index":"index","follow":"follow","max-snippet":"max-snippet:-1","max-image-preview":"max-image-preview:large","max-video-preview":"max-video-preview:-1"},"canonical":"https:\/\/pordzewione.pl\/?page_id=1053","og_locale":"pl_PL","og_type":"article","og_title":"Reklamacje - pordzewione","og_description":"Reklamacje Szanowny Kliencie, dbamy o Twoje prawa, w tym tak\u017ce o prawo do z\u0142o\u017cenia reklamacji. Poni\u017cej znajdziesz szczeg\u00f3\u0142owe informacje dotycz\u0105ce naszej odpowiedzialno\u015bci z tytu\u0142u wady sprzedanego przez nas produktu oraz Twoich uprawnie\u0144 zwi\u0105zanych z reklamacj\u0105 na podstawie ustawowej \u2013 z tytu\u0142u r\u0119kojmi. Podstawa i zakres naszej odpowiedzialno\u015bci za wady produktu z tytu\u0142u r\u0119kojmi jest okre\u015blona [&hellip;]","og_url":"https:\/\/pordzewione.pl\/?page_id=1053","og_site_name":"pordzewione","article_publisher":"https:\/\/www.facebook.com\/profile.php?id=61555479644022&locale=pl_PL","article_modified_time":"2024-04-28T20:47:00+00:00","twitter_card":"summary_large_image","twitter_misc":{"Szacowany czas czytania":"6 minut"},"schema":{"@context":"https:\/\/schema.org","@graph":[{"@type":"WebPage","@id":"https:\/\/pordzewione.pl\/?page_id=1053","url":"https:\/\/pordzewione.pl\/?page_id=1053","name":"Reklamacje - pordzewione","isPartOf":{"@id":"https:\/\/pordzewione.pl\/#website"},"datePublished":"2024-04-28T20:04:42+00:00","dateModified":"2024-04-28T20:47:00+00:00","breadcrumb":{"@id":"https:\/\/pordzewione.pl\/?page_id=1053#breadcrumb"},"inLanguage":"pl-PL","potentialAction":[{"@type":"ReadAction","target":["https:\/\/pordzewione.pl\/?page_id=1053"]}]},{"@type":"BreadcrumbList","@id":"https:\/\/pordzewione.pl\/?page_id=1053#breadcrumb","itemListElement":[{"@type":"ListItem","position":1,"name":"Strona g\u0142\u00f3wna","item":"https:\/\/pordzewione.pl\/"},{"@type":"ListItem","position":2,"name":"Reklamacje"}]},{"@type":"WebSite","@id":"https:\/\/pordzewione.pl\/#website","url":"https:\/\/pordzewione.pl\/","name":"pordzewione","description":"Rdza w ogrodzie","publisher":{"@id":"https:\/\/pordzewione.pl\/#organization"},"potentialAction":[{"@type":"SearchAction","target":{"@type":"EntryPoint","urlTemplate":"https:\/\/pordzewione.pl\/?s={search_term_string}"},"query-input":{"@type":"PropertyValueSpecification","valueRequired":true,"valueName":"search_term_string"}}],"inLanguage":"pl-PL"},{"@type":"Organization","@id":"https:\/\/pordzewione.pl\/#organization","name":"pordzewione","url":"https:\/\/pordzewione.pl\/","logo":{"@type":"ImageObject","inLanguage":"pl-PL","@id":"https:\/\/pordzewione.pl\/#\/schema\/logo\/image\/","url":"https:\/\/pordzewione.pl\/wp-content\/uploads\/2024\/04\/cropped-IMG_2216-e1713294513315.png","contentUrl":"https:\/\/pordzewione.pl\/wp-content\/uploads\/2024\/04\/cropped-IMG_2216-e1713294513315.png","width":781,"height":394,"caption":"pordzewione"},"image":{"@id":"https:\/\/pordzewione.pl\/#\/schema\/logo\/image\/"},"sameAs":["https:\/\/www.facebook.com\/profile.php?id=61555479644022&locale=pl_PL","https:\/\/www.instagram.com\/pordzewione?fbclid=IwY2xjawGDjIdleHRuA2FlbQIxMAABHVtCkg3oYEIUFpDPouTNWOy9NQl_3mFaSwsEOTkriWa1tmWTw5O9AARs5w_aem_SNzw_mtwQbp02WXEccKYMA"]}]}},"jetpack_sharing_enabled":true,"_links":{"self":[{"href":"https:\/\/pordzewione.pl\/index.php?rest_route=\/wp\/v2\/pages\/1053","targetHints":{"allow":["GET"]}}],"collection":[{"href":"https:\/\/pordzewione.pl\/index.php?rest_route=\/wp\/v2\/pages"}],"about":[{"href":"https:\/\/pordzewione.pl\/index.php?rest_route=\/wp\/v2\/types\/page"}],"author":[{"embeddable":true,"href":"https:\/\/pordzewione.pl\/index.php?rest_route=\/wp\/v2\/users\/1"}],"replies":[{"embeddable":true,"href":"https:\/\/pordzewione.pl\/index.php?rest_route=%2Fwp%2Fv2%2Fcomments&post=1053"}],"version-history":[{"count":12,"href":"https:\/\/pordzewione.pl\/index.php?rest_route=\/wp\/v2\/pages\/1053\/revisions"}],"predecessor-version":[{"id":1083,"href":"https:\/\/pordzewione.pl\/index.php?rest_route=\/wp\/v2\/pages\/1053\/revisions\/1083"}],"wp:attachment":[{"href":"https:\/\/pordzewione.pl\/index.php?rest_route=%2Fwp%2Fv2%2Fmedia&parent=1053"}],"curies":[{"name":"wp","href":"https:\/\/api.w.org\/{rel}","templated":true}]}}