{"id":13,"date":"2024-02-22T13:46:14","date_gmt":"2024-02-22T12:46:14","guid":{"rendered":"https:\/\/pordzewione.pl\/?page_id=13"},"modified":"2024-04-16T22:35:03","modified_gmt":"2024-04-16T20:35:03","slug":"kontakt","status":"publish","type":"page","link":"https:\/\/pordzewione.pl\/?page_id=13","title":{"rendered":"Kontakt"},"content":{"rendered":"\t\t<div data-elementor-type=\"wp-page\" data-elementor-id=\"13\" class=\"elementor elementor-13\">\n\t\t\t\t<div class=\"elementor-element elementor-element-7312c64 e-flex e-con-boxed e-con e-parent\" data-id=\"7312c64\" data-element_type=\"container\" data-settings=\"{&quot;content_width&quot;:&quot;boxed&quot;}\" data-core-v316-plus=\"true\">\n\t\t\t\t\t<div class=\"e-con-inner\">\n\t\t\t\t<div class=\"elementor-element elementor-element-6f1c9d4 elementor-widget__width-auto elementor-widget elementor-widget-heading\" data-id=\"6f1c9d4\" data-element_type=\"widget\" data-widget_type=\"heading.default\">\n\t\t\t\t<div class=\"elementor-widget-container\">\n\t\t\t<style>\/*! elementor - v3.19.0 - 07-02-2024 *\/\n.elementor-heading-title{padding:0;margin:0;line-height:1}.elementor-widget-heading .elementor-heading-title[class*=elementor-size-]>a{color:inherit;font-size:inherit;line-height:inherit}.elementor-widget-heading .elementor-heading-title.elementor-size-small{font-size:15px}.elementor-widget-heading .elementor-heading-title.elementor-size-medium{font-size:19px}.elementor-widget-heading .elementor-heading-title.elementor-size-large{font-size:29px}.elementor-widget-heading .elementor-heading-title.elementor-size-xl{font-size:39px}.elementor-widget-heading .elementor-heading-title.elementor-size-xxl{font-size:59px}<\/style><h2 class=\"elementor-heading-title elementor-size-default\"><br><br>Fajnie Ci\u0119 tu widzie\u0107!<br><br><span style=\"font-weight: normal;\">Je\u017celi chcesz si\u0119 z nami skontaktowa\u0107 napisz do nas maila na adres kontakt@pordzewione.pl lub u\u017cyj poni\u017cszego formularza<\/span><\/h2>\t\t<\/div>\n\t\t\t\t<\/div>\n\t\t\t\t\t<\/div>\n\t\t\t\t<\/div>\n\t\t<div class=\"elementor-element elementor-element-f5b5e29 e-flex e-con-boxed e-con e-parent\" data-id=\"f5b5e29\" data-element_type=\"container\" data-settings=\"{&quot;content_width&quot;:&quot;boxed&quot;}\" data-core-v316-plus=\"true\">\n\t\t\t\t\t<div class=\"e-con-inner\">\n\t\t<div class=\"elementor-element elementor-element-1394468 e-con-full e-flex e-con e-child\" data-id=\"1394468\" data-element_type=\"container\" data-settings=\"{&quot;content_width&quot;:&quot;full&quot;}\">\n\t\t\t\t<div class=\"elementor-element elementor-element-5e47a63 elementor-widget__width-initial elementor-widget elementor-widget-text-editor\" data-id=\"5e47a63\" data-element_type=\"widget\" data-widget_type=\"text-editor.default\">\n\t\t\t\t<div class=\"elementor-widget-container\">\n\t\t\t<style>\/*! elementor - v3.19.0 - 07-02-2024 *\/\n.elementor-widget-text-editor.elementor-drop-cap-view-stacked .elementor-drop-cap{background-color:#69727d;color:#fff}.elementor-widget-text-editor.elementor-drop-cap-view-framed .elementor-drop-cap{color:#69727d;border:3px solid;background-color:transparent}.elementor-widget-text-editor:not(.elementor-drop-cap-view-default) .elementor-drop-cap{margin-top:8px}.elementor-widget-text-editor:not(.elementor-drop-cap-view-default) .elementor-drop-cap-letter{width:1em;height:1em}.elementor-widget-text-editor .elementor-drop-cap{float:left;text-align:center;line-height:1;font-size:50px}.elementor-widget-text-editor .elementor-drop-cap-letter{display:inline-block}<\/style>\t\t\t\t<p>\n<div class=\"wpcf7 no-js\" id=\"wpcf7-f987-o1\" lang=\"pl-PL\" dir=\"ltr\" data-wpcf7-id=\"987\">\n<div class=\"screen-reader-response\"><p role=\"status\" aria-live=\"polite\" aria-atomic=\"true\"><\/p> <ul><\/ul><\/div>\n<form action=\"\/index.php?rest_route=%2Fwp%2Fv2%2Fpages%2F13#wpcf7-f987-o1\" method=\"post\" class=\"wpcf7-form init\" aria-label=\"Formularz kontaktowy\" novalidate=\"novalidate\" data-status=\"init\">\n<fieldset class=\"hidden-fields-container\"><input type=\"hidden\" name=\"_wpcf7\" value=\"987\" \/><input type=\"hidden\" name=\"_wpcf7_version\" value=\"6.1.5\" \/><input type=\"hidden\" name=\"_wpcf7_locale\" value=\"pl_PL\" \/><input type=\"hidden\" name=\"_wpcf7_unit_tag\" value=\"wpcf7-f987-o1\" \/><input type=\"hidden\" name=\"_wpcf7_container_post\" value=\"0\" \/><input type=\"hidden\" name=\"_wpcf7_posted_data_hash\" value=\"\" \/>\n<\/fieldset>\n<p><label> Twoje imi\u0119 i nazwisko<br \/>\n<span class=\"wpcf7-form-control-wrap\" data-name=\"your-name\"><input size=\"40\" maxlength=\"400\" class=\"wpcf7-form-control wpcf7-text wpcf7-validates-as-required\" autocomplete=\"name\" aria-required=\"true\" aria-invalid=\"false\" value=\"\" type=\"text\" name=\"your-name\" \/><\/span> <\/label>\n<\/p>\n<p><label> Tw\u00f3j adres e-mail<br \/>\n<span class=\"wpcf7-form-control-wrap\" data-name=\"your-email\"><input size=\"40\" maxlength=\"400\" class=\"wpcf7-form-control wpcf7-email wpcf7-validates-as-required wpcf7-text wpcf7-validates-as-email\" autocomplete=\"email\" aria-required=\"true\" aria-invalid=\"false\" value=\"\" type=\"email\" name=\"your-email\" \/><\/span> <\/label>\n<\/p>\n<p><label> Temat<br \/>\n<span class=\"wpcf7-form-control-wrap\" data-name=\"your-subject\"><input size=\"40\" maxlength=\"400\" class=\"wpcf7-form-control wpcf7-text wpcf7-validates-as-required\" aria-required=\"true\" aria-invalid=\"false\" value=\"\" type=\"text\" name=\"your-subject\" \/><\/span> <\/label>\n<\/p>\n<p><label> Twoja wiadomo\u015b\u0107<br \/>\n<span class=\"wpcf7-form-control-wrap\" data-name=\"your-message\"><textarea cols=\"40\" rows=\"10\" maxlength=\"2000\" class=\"wpcf7-form-control wpcf7-textarea wpcf7-validates-as-required\" aria-required=\"true\" aria-invalid=\"false\" name=\"your-message\"><\/textarea><\/span> <\/label>\n<\/p>\n<p><input class=\"wpcf7-form-control wpcf7-submit has-spinner\" type=\"submit\" value=\"Wy\u015blij\" \/>\n<\/p><p style=\"display: none !important;\" class=\"akismet-fields-container\" data-prefix=\"_wpcf7_ak_\"><label>&#916;<textarea name=\"_wpcf7_ak_hp_textarea\" cols=\"45\" rows=\"8\" maxlength=\"100\"><\/textarea><\/label><input type=\"hidden\" id=\"ak_js_1\" name=\"_wpcf7_ak_js\" value=\"76\"\/><script>document.getElementById( \"ak_js_1\" ).setAttribute( \"value\", ( new Date() ).getTime() );<\/script><\/p><div class=\"wpcf7-response-output\" aria-hidden=\"true\"><\/div>\n<\/form>\n<\/div>\n<\/p>\t\t\t\t\t\t<\/div>\n\t\t\t\t<\/div>\n\t\t\t\t<\/div>\n\t\t<div class=\"elementor-element elementor-element-5287396 e-con-full e-flex e-con e-child\" data-id=\"5287396\" data-element_type=\"container\" data-settings=\"{&quot;content_width&quot;:&quot;full&quot;}\">\n\t\t\t\t<div class=\"elementor-element elementor-element-0907bd7 elementor-widget__width-initial elementor-widget elementor-widget-image\" data-id=\"0907bd7\" data-element_type=\"widget\" data-widget_type=\"image.default\">\n\t\t\t\t<div class=\"elementor-widget-container\">\n\t\t\t<style>\/*! elementor - v3.19.0 - 07-02-2024 *\/\n.elementor-widget-image{text-align:center}.elementor-widget-image a{display:inline-block}.elementor-widget-image a img[src$=\".svg\"]{width:48px}.elementor-widget-image img{vertical-align:middle;display:inline-block}<\/style>\t\t\t\t\t\t\t\t\t\t<img fetchpriority=\"high\" decoding=\"async\" width=\"600\" height=\"450\" src=\"https:\/\/pordzewione.pl\/wp-content\/uploads\/2024\/02\/426048944_122117829686182654_1324215144549120854_n-600x450.jpg\" class=\"attachment-woocommerce_single size-woocommerce_single wp-image-239\" alt=\"\" srcset=\"https:\/\/pordzewione.pl\/wp-content\/uploads\/2024\/02\/426048944_122117829686182654_1324215144549120854_n-600x450.jpg 600w, https:\/\/pordzewione.pl\/wp-content\/uploads\/2024\/02\/426048944_122117829686182654_1324215144549120854_n-300x225.jpg 300w, https:\/\/pordzewione.pl\/wp-content\/uploads\/2024\/02\/426048944_122117829686182654_1324215144549120854_n-1024x768.jpg 1024w, https:\/\/pordzewione.pl\/wp-content\/uploads\/2024\/02\/426048944_122117829686182654_1324215144549120854_n-768x576.jpg 768w, https:\/\/pordzewione.pl\/wp-content\/uploads\/2024\/02\/426048944_122117829686182654_1324215144549120854_n-1536x1153.jpg 1536w, https:\/\/pordzewione.pl\/wp-content\/uploads\/2024\/02\/426048944_122117829686182654_1324215144549120854_n.jpg 1600w\" sizes=\"(max-width: 600px) 100vw, 600px\" \/>\t\t\t\t\t\t\t\t\t\t\t\t\t<\/div>\n\t\t\t\t<\/div>\n\t\t\t\t<\/div>\n\t\t\t\t\t<\/div>\n\t\t\t\t<\/div>\n\t\t\t\t<\/div>\n\t\t","protected":false},"excerpt":{"rendered":"<p>Fajnie Ci\u0119 tu widzie\u0107! Je\u017celi chcesz si\u0119 z nami skontaktowa\u0107 napisz do nas maila na adres kontakt@pordzewione.pl lub u\u017cyj poni\u017cszego formularza<\/p>\n","protected":false},"author":1,"featured_media":0,"parent":0,"menu_order":0,"comment_status":"closed","ping_status":"closed","template":"","meta":{"ocean_post_layout":"full-screen","ocean_both_sidebars_style":"","ocean_both_sidebars_content_width":0,"ocean_both_sidebars_sidebars_width":0,"ocean_sidebar":"","ocean_second_sidebar":"","ocean_disable_margins":"enable","ocean_add_body_class":"","ocean_shortcode_before_top_bar":"","ocean_shortcode_after_top_bar":"","ocean_shortcode_before_header":"","ocean_shortcode_after_header":"","ocean_has_shortcode":"","ocean_shortcode_after_title":"","ocean_shortcode_before_footer_widgets":"","ocean_shortcode_after_footer_widgets":"","ocean_shortcode_before_footer_bottom":"","ocean_shortcode_after_footer_bottom":"","ocean_display_top_bar":"off","ocean_display_header":"default","ocean_header_style":"","ocean_center_header_left_menu":"","ocean_custom_header_template":"","ocean_custom_logo":0,"ocean_custom_retina_logo":0,"ocean_custom_logo_max_width":0,"ocean_custom_logo_tablet_max_width":0,"ocean_custom_logo_mobile_max_width":0,"ocean_custom_logo_max_height":0,"ocean_custom_logo_tablet_max_height":0,"ocean_custom_logo_mobile_max_height":0,"ocean_header_custom_menu":"","ocean_menu_typo_font_family":"","ocean_menu_typo_font_subset":"","ocean_menu_typo_font_size":0,"ocean_menu_typo_font_size_tablet":0,"ocean_menu_typo_font_size_mobile":0,"ocean_menu_typo_font_size_unit":"px","ocean_menu_typo_font_weight":"","ocean_menu_typo_font_weight_tablet":"","ocean_menu_typo_font_weight_mobile":"","ocean_menu_typo_transform":"","ocean_menu_typo_transform_tablet":"","ocean_menu_typo_transform_mobile":"","ocean_menu_typo_line_height":0,"ocean_menu_typo_line_height_tablet":0,"ocean_menu_typo_line_height_mobile":0,"ocean_menu_typo_line_height_unit":"","ocean_menu_typo_spacing":0,"ocean_menu_typo_spacing_tablet":0,"ocean_menu_typo_spacing_mobile":0,"ocean_menu_typo_spacing_unit":"","ocean_menu_link_color":"","ocean_menu_link_color_hover":"","ocean_menu_link_color_active":"","ocean_menu_link_background":"","ocean_menu_link_hover_background":"","ocean_menu_link_active_background":"","ocean_menu_social_links_bg":"","ocean_menu_social_hover_links_bg":"","ocean_menu_social_links_color":"","ocean_menu_social_hover_links_color":"","ocean_disable_title":"on","ocean_disable_heading":"default","ocean_post_title":"","ocean_post_subheading":"","ocean_post_title_style":"","ocean_post_title_background_color":"","ocean_post_title_background":0,"ocean_post_title_bg_image_position":"","ocean_post_title_bg_image_attachment":"","ocean_post_title_bg_image_repeat":"","ocean_post_title_bg_image_size":"","ocean_post_title_height":0,"ocean_post_title_bg_overlay":0.5,"ocean_post_title_bg_overlay_color":"","ocean_disable_breadcrumbs":"default","ocean_breadcrumbs_color":"","ocean_breadcrumbs_separator_color":"","ocean_breadcrumbs_links_color":"","ocean_breadcrumbs_links_hover_color":"","ocean_display_footer_widgets":"default","ocean_display_footer_bottom":"default","ocean_custom_footer_template":"","footnotes":""},"class_list":["post-13","page","type-page","status-publish","hentry","entry","owp-thumbs-layout-horizontal","owp-btn-very-big","owp-tabs-layout-horizontal","has-no-thumbnails","has-product-nav"],"yoast_head":"<!-- This site is optimized with the Yoast SEO plugin v23.6 - https:\/\/yoast.com\/wordpress\/plugins\/seo\/ -->\n<title>Kontakt - pordzewione<\/title>\n<meta name=\"robots\" content=\"index, follow, max-snippet:-1, max-image-preview:large, max-video-preview:-1\" \/>\n<link rel=\"canonical\" href=\"https:\/\/pordzewione.pl\/?page_id=13\" \/>\n<meta property=\"og:locale\" content=\"pl_PL\" \/>\n<meta property=\"og:type\" content=\"article\" \/>\n<meta property=\"og:title\" content=\"Kontakt - pordzewione\" \/>\n<meta property=\"og:description\" content=\"Fajnie Ci\u0119 tu widzie\u0107! Je\u017celi chcesz si\u0119 z nami skontaktowa\u0107 napisz do nas maila na adres kontakt@pordzewione.pl lub u\u017cyj poni\u017cszego formularza\" \/>\n<meta property=\"og:url\" content=\"https:\/\/pordzewione.pl\/?page_id=13\" \/>\n<meta property=\"og:site_name\" content=\"pordzewione\" \/>\n<meta property=\"article:publisher\" content=\"https:\/\/www.facebook.com\/profile.php?id=61555479644022&amp;locale=pl_PL\" \/>\n<meta property=\"article:modified_time\" content=\"2024-04-16T20:35:03+00:00\" \/>\n<meta property=\"og:image\" content=\"http:\/\/pordzewione.pl\/wp-content\/uploads\/2024\/02\/426048944_122117829686182654_1324215144549120854_n-600x450.jpg\" \/>\n<meta name=\"twitter:card\" content=\"summary_large_image\" \/>\n<script type=\"application\/ld+json\" class=\"yoast-schema-graph\">{\"@context\":\"https:\/\/schema.org\",\"@graph\":[{\"@type\":\"WebPage\",\"@id\":\"https:\/\/pordzewione.pl\/?page_id=13\",\"url\":\"https:\/\/pordzewione.pl\/?page_id=13\",\"name\":\"Kontakt - pordzewione\",\"isPartOf\":{\"@id\":\"https:\/\/pordzewione.pl\/#website\"},\"primaryImageOfPage\":{\"@id\":\"https:\/\/pordzewione.pl\/?page_id=13#primaryimage\"},\"image\":{\"@id\":\"https:\/\/pordzewione.pl\/?page_id=13#primaryimage\"},\"thumbnailUrl\":\"http:\/\/pordzewione.pl\/wp-content\/uploads\/2024\/02\/426048944_122117829686182654_1324215144549120854_n-600x450.jpg\",\"datePublished\":\"2024-02-22T12:46:14+00:00\",\"dateModified\":\"2024-04-16T20:35:03+00:00\",\"breadcrumb\":{\"@id\":\"https:\/\/pordzewione.pl\/?page_id=13#breadcrumb\"},\"inLanguage\":\"pl-PL\",\"potentialAction\":[{\"@type\":\"ReadAction\",\"target\":[\"https:\/\/pordzewione.pl\/?page_id=13\"]}]},{\"@type\":\"ImageObject\",\"inLanguage\":\"pl-PL\",\"@id\":\"https:\/\/pordzewione.pl\/?page_id=13#primaryimage\",\"url\":\"https:\/\/pordzewione.pl\/wp-content\/uploads\/2024\/02\/426048944_122117829686182654_1324215144549120854_n.jpg\",\"contentUrl\":\"https:\/\/pordzewione.pl\/wp-content\/uploads\/2024\/02\/426048944_122117829686182654_1324215144549120854_n.jpg\",\"width\":1600,\"height\":1201},{\"@type\":\"BreadcrumbList\",\"@id\":\"https:\/\/pordzewione.pl\/?page_id=13#breadcrumb\",\"itemListElement\":[{\"@type\":\"ListItem\",\"position\":1,\"name\":\"Strona g\u0142\u00f3wna\",\"item\":\"https:\/\/pordzewione.pl\/\"},{\"@type\":\"ListItem\",\"position\":2,\"name\":\"Kontakt\"}]},{\"@type\":\"WebSite\",\"@id\":\"https:\/\/pordzewione.pl\/#website\",\"url\":\"https:\/\/pordzewione.pl\/\",\"name\":\"pordzewione\",\"description\":\"Rdza w ogrodzie\",\"publisher\":{\"@id\":\"https:\/\/pordzewione.pl\/#organization\"},\"potentialAction\":[{\"@type\":\"SearchAction\",\"target\":{\"@type\":\"EntryPoint\",\"urlTemplate\":\"https:\/\/pordzewione.pl\/?s={search_term_string}\"},\"query-input\":{\"@type\":\"PropertyValueSpecification\",\"valueRequired\":true,\"valueName\":\"search_term_string\"}}],\"inLanguage\":\"pl-PL\"},{\"@type\":\"Organization\",\"@id\":\"https:\/\/pordzewione.pl\/#organization\",\"name\":\"pordzewione\",\"url\":\"https:\/\/pordzewione.pl\/\",\"logo\":{\"@type\":\"ImageObject\",\"inLanguage\":\"pl-PL\",\"@id\":\"https:\/\/pordzewione.pl\/#\/schema\/logo\/image\/\",\"url\":\"https:\/\/pordzewione.pl\/wp-content\/uploads\/2024\/04\/cropped-IMG_2216-e1713294513315.png\",\"contentUrl\":\"https:\/\/pordzewione.pl\/wp-content\/uploads\/2024\/04\/cropped-IMG_2216-e1713294513315.png\",\"width\":781,\"height\":394,\"caption\":\"pordzewione\"},\"image\":{\"@id\":\"https:\/\/pordzewione.pl\/#\/schema\/logo\/image\/\"},\"sameAs\":[\"https:\/\/www.facebook.com\/profile.php?id=61555479644022&locale=pl_PL\",\"https:\/\/www.instagram.com\/pordzewione?fbclid=IwY2xjawGDjIdleHRuA2FlbQIxMAABHVtCkg3oYEIUFpDPouTNWOy9NQl_3mFaSwsEOTkriWa1tmWTw5O9AARs5w_aem_SNzw_mtwQbp02WXEccKYMA\"]}]}<\/script>\n<!-- \/ Yoast SEO plugin. -->","yoast_head_json":{"title":"Kontakt - pordzewione","robots":{"index":"index","follow":"follow","max-snippet":"max-snippet:-1","max-image-preview":"max-image-preview:large","max-video-preview":"max-video-preview:-1"},"canonical":"https:\/\/pordzewione.pl\/?page_id=13","og_locale":"pl_PL","og_type":"article","og_title":"Kontakt - pordzewione","og_description":"Fajnie Ci\u0119 tu widzie\u0107! Je\u017celi chcesz si\u0119 z nami skontaktowa\u0107 napisz do nas maila na adres kontakt@pordzewione.pl lub u\u017cyj poni\u017cszego formularza","og_url":"https:\/\/pordzewione.pl\/?page_id=13","og_site_name":"pordzewione","article_publisher":"https:\/\/www.facebook.com\/profile.php?id=61555479644022&locale=pl_PL","article_modified_time":"2024-04-16T20:35:03+00:00","og_image":[{"url":"http:\/\/pordzewione.pl\/wp-content\/uploads\/2024\/02\/426048944_122117829686182654_1324215144549120854_n-600x450.jpg"}],"twitter_card":"summary_large_image","schema":{"@context":"https:\/\/schema.org","@graph":[{"@type":"WebPage","@id":"https:\/\/pordzewione.pl\/?page_id=13","url":"https:\/\/pordzewione.pl\/?page_id=13","name":"Kontakt - pordzewione","isPartOf":{"@id":"https:\/\/pordzewione.pl\/#website"},"primaryImageOfPage":{"@id":"https:\/\/pordzewione.pl\/?page_id=13#primaryimage"},"image":{"@id":"https:\/\/pordzewione.pl\/?page_id=13#primaryimage"},"thumbnailUrl":"http:\/\/pordzewione.pl\/wp-content\/uploads\/2024\/02\/426048944_122117829686182654_1324215144549120854_n-600x450.jpg","datePublished":"2024-02-22T12:46:14+00:00","dateModified":"2024-04-16T20:35:03+00:00","breadcrumb":{"@id":"https:\/\/pordzewione.pl\/?page_id=13#breadcrumb"},"inLanguage":"pl-PL","potentialAction":[{"@type":"ReadAction","target":["https:\/\/pordzewione.pl\/?page_id=13"]}]},{"@type":"ImageObject","inLanguage":"pl-PL","@id":"https:\/\/pordzewione.pl\/?page_id=13#primaryimage","url":"https:\/\/pordzewione.pl\/wp-content\/uploads\/2024\/02\/426048944_122117829686182654_1324215144549120854_n.jpg","contentUrl":"https:\/\/pordzewione.pl\/wp-content\/uploads\/2024\/02\/426048944_122117829686182654_1324215144549120854_n.jpg","width":1600,"height":1201},{"@type":"BreadcrumbList","@id":"https:\/\/pordzewione.pl\/?page_id=13#breadcrumb","itemListElement":[{"@type":"ListItem","position":1,"name":"Strona g\u0142\u00f3wna","item":"https:\/\/pordzewione.pl\/"},{"@type":"ListItem","position":2,"name":"Kontakt"}]},{"@type":"WebSite","@id":"https:\/\/pordzewione.pl\/#website","url":"https:\/\/pordzewione.pl\/","name":"pordzewione","description":"Rdza w ogrodzie","publisher":{"@id":"https:\/\/pordzewione.pl\/#organization"},"potentialAction":[{"@type":"SearchAction","target":{"@type":"EntryPoint","urlTemplate":"https:\/\/pordzewione.pl\/?s={search_term_string}"},"query-input":{"@type":"PropertyValueSpecification","valueRequired":true,"valueName":"search_term_string"}}],"inLanguage":"pl-PL"},{"@type":"Organization","@id":"https:\/\/pordzewione.pl\/#organization","name":"pordzewione","url":"https:\/\/pordzewione.pl\/","logo":{"@type":"ImageObject","inLanguage":"pl-PL","@id":"https:\/\/pordzewione.pl\/#\/schema\/logo\/image\/","url":"https:\/\/pordzewione.pl\/wp-content\/uploads\/2024\/04\/cropped-IMG_2216-e1713294513315.png","contentUrl":"https:\/\/pordzewione.pl\/wp-content\/uploads\/2024\/04\/cropped-IMG_2216-e1713294513315.png","width":781,"height":394,"caption":"pordzewione"},"image":{"@id":"https:\/\/pordzewione.pl\/#\/schema\/logo\/image\/"},"sameAs":["https:\/\/www.facebook.com\/profile.php?id=61555479644022&locale=pl_PL","https:\/\/www.instagram.com\/pordzewione?fbclid=IwY2xjawGDjIdleHRuA2FlbQIxMAABHVtCkg3oYEIUFpDPouTNWOy9NQl_3mFaSwsEOTkriWa1tmWTw5O9AARs5w_aem_SNzw_mtwQbp02WXEccKYMA"]}]}},"jetpack_sharing_enabled":true,"_links":{"self":[{"href":"https:\/\/pordzewione.pl\/index.php?rest_route=\/wp\/v2\/pages\/13","targetHints":{"allow":["GET"]}}],"collection":[{"href":"https:\/\/pordzewione.pl\/index.php?rest_route=\/wp\/v2\/pages"}],"about":[{"href":"https:\/\/pordzewione.pl\/index.php?rest_route=\/wp\/v2\/types\/page"}],"author":[{"embeddable":true,"href":"https:\/\/pordzewione.pl\/index.php?rest_route=\/wp\/v2\/users\/1"}],"replies":[{"embeddable":true,"href":"https:\/\/pordzewione.pl\/index.php?rest_route=%2Fwp%2Fv2%2Fcomments&post=13"}],"version-history":[{"count":47,"href":"https:\/\/pordzewione.pl\/index.php?rest_route=\/wp\/v2\/pages\/13\/revisions"}],"predecessor-version":[{"id":1012,"href":"https:\/\/pordzewione.pl\/index.php?rest_route=\/wp\/v2\/pages\/13\/revisions\/1012"}],"wp:attachment":[{"href":"https:\/\/pordzewione.pl\/index.php?rest_route=%2Fwp%2Fv2%2Fmedia&parent=13"}],"curies":[{"name":"wp","href":"https:\/\/api.w.org\/{rel}","templated":true}]}}