{"id":19,"date":"2024-02-22T13:48:50","date_gmt":"2024-02-22T12:48:50","guid":{"rendered":"https:\/\/pordzewione.pl\/?page_id=19"},"modified":"2024-04-28T22:49:59","modified_gmt":"2024-04-28T20:49:59","slug":"o-nas","status":"publish","type":"page","link":"https:\/\/pordzewione.pl\/?page_id=19","title":{"rendered":"O nas"},"content":{"rendered":"\t\t<div data-elementor-type=\"wp-page\" data-elementor-id=\"19\" class=\"elementor elementor-19\">\n\t\t\t\t<div class=\"elementor-element elementor-element-8ec8286 e-con-full e-flex e-con e-parent\" data-id=\"8ec8286\" data-element_type=\"container\" data-settings=\"{&quot;content_width&quot;:&quot;full&quot;}\" data-core-v316-plus=\"true\">\n\t\t\t\t<div class=\"elementor-element elementor-element-a54622c elementor-widget__width-initial elementor-widget elementor-widget-heading\" data-id=\"a54622c\" data-element_type=\"widget\" data-widget_type=\"heading.default\">\n\t\t\t\t<div class=\"elementor-widget-container\">\n\t\t\t<style>\/*! elementor - v3.19.0 - 07-02-2024 *\/\n.elementor-heading-title{padding:0;margin:0;line-height:1}.elementor-widget-heading .elementor-heading-title[class*=elementor-size-]>a{color:inherit;font-size:inherit;line-height:inherit}.elementor-widget-heading .elementor-heading-title.elementor-size-small{font-size:15px}.elementor-widget-heading .elementor-heading-title.elementor-size-medium{font-size:19px}.elementor-widget-heading .elementor-heading-title.elementor-size-large{font-size:29px}.elementor-widget-heading .elementor-heading-title.elementor-size-xl{font-size:39px}.elementor-widget-heading .elementor-heading-title.elementor-size-xxl{font-size:59px}<\/style><h2 class=\"elementor-heading-title elementor-size-default\">Kiedy szukasz oryginalnej ozdoby do ogrodu i nie mo\u017cesz znale\u017a\u0107 niczego, co Ci si\u0119 podoba, zaczynasz bra\u0107 sprawy w swoje r\u0119ce.<\/h2>\t\t<\/div>\n\t\t\t\t<\/div>\n\t\t\t\t<\/div>\n\t\t<div class=\"elementor-element elementor-element-90a3e38 e-con-full e-flex e-con e-parent\" data-id=\"90a3e38\" data-element_type=\"container\" data-settings=\"{&quot;content_width&quot;:&quot;full&quot;}\" data-core-v316-plus=\"true\">\n\t\t<div class=\"elementor-element elementor-element-505e88f e-con-full e-flex e-con e-child\" data-id=\"505e88f\" data-element_type=\"container\" data-settings=\"{&quot;content_width&quot;:&quot;full&quot;}\">\n\t\t\t\t<div class=\"elementor-element elementor-element-0748a1b elementor-widget elementor-widget-text-editor\" data-id=\"0748a1b\" data-element_type=\"widget\" data-widget_type=\"text-editor.default\">\n\t\t\t\t<div class=\"elementor-widget-container\">\n\t\t\t<style>\/*! elementor - v3.19.0 - 07-02-2024 *\/\n.elementor-widget-text-editor.elementor-drop-cap-view-stacked .elementor-drop-cap{background-color:#69727d;color:#fff}.elementor-widget-text-editor.elementor-drop-cap-view-framed .elementor-drop-cap{color:#69727d;border:3px solid;background-color:transparent}.elementor-widget-text-editor:not(.elementor-drop-cap-view-default) .elementor-drop-cap{margin-top:8px}.elementor-widget-text-editor:not(.elementor-drop-cap-view-default) .elementor-drop-cap-letter{width:1em;height:1em}.elementor-widget-text-editor .elementor-drop-cap{float:left;text-align:center;line-height:1;font-size:50px}.elementor-widget-text-editor .elementor-drop-cap-letter{display:inline-block}<\/style>\t\t\t\t<p>\u00a0<\/p><p><span style=\"font-size: 20px; color: #000000; background-color: #ffffff;\">I tak w\u0142a\u015bnie powsta\u0142o\u00a0<\/span><i style=\"font-size: 20px; color: #000000; background-color: #ffffff;\">Pordzewione.<\/i><\/p><p><span style=\"font-size: 20px;\">Jeste\u015bmy ma\u0142\u0105, rodzinn\u0105 pracowni\u0105 metaloplastyki i kowalstwa artystycznego, w kt\u00f3rej pracuj\u0105 razem ju\u017c trzy pokolenia. \u0141\u0105cz\u0105c to wieloletnie rzemie\u015blnicze do\u015bwiadczenie z mi\u0142o\u015bci\u0105 do natury i ogrod\u00f3w postanowili\u015bmy sami wykona\u0107 ozdoby zadowalaj\u0105ce nasze gusta. W ten spos\u00f3b powsta\u0142y r\u0119cznie kute, solidne podpory do ro\u015blin, kwietniki i inne metalowe dekoracje.<\/span><\/p><p>Pragn\u0119li\u015bmy, \u017ceby pomog\u0142y stworzy\u0107 niepowtarzalny klimat i wnios\u0142y odrobin\u0119 magii do ka\u017cdego ogrodu. Osobi\u015bcie uwielbiamy rdz\u0119 w ogrodzie, bo wed\u0142ug nas jej ciep\u0142a, naturalna barwa pi\u0119knie komponuje si\u0119 z zieleni\u0105. Dlatego w\u0142a\u015bnie tak pokolorowali\u015bmy nasze wyroby.<\/p><p>Nasze produkty wykonane z grubej stali b\u0119d\u0105 cieszy\u0107 oczy przez wiele lat, nie wymagaj\u0105c \u017cadnych zabieg\u00f3w piel\u0119gnacyjnych. A wr\u0119cz przeciwnie, z up\u0142ywem czasu b\u0119d\u0105 jeszcze pi\u0119kniejsze.<\/p><p>Jednym s\u0142owem rdza jest jak wino \u2013 im starsza, tym lepsza \u2013 z czasem nabiera g\u0142\u0119bi i szlachetno\u015bci :).<\/p>\t\t\t\t\t\t<\/div>\n\t\t\t\t<\/div>\n\t\t\t\t<\/div>\n\t\t<div class=\"elementor-element elementor-element-fd573a7 e-con-full e-flex e-con e-child\" data-id=\"fd573a7\" data-element_type=\"container\" data-settings=\"{&quot;content_width&quot;:&quot;full&quot;}\">\n\t\t\t\t<div class=\"elementor-element elementor-element-e0f10b3 elementor-widget elementor-widget-image\" data-id=\"e0f10b3\" data-element_type=\"widget\" data-widget_type=\"image.default\">\n\t\t\t\t<div class=\"elementor-widget-container\">\n\t\t\t<style>\/*! elementor - v3.19.0 - 07-02-2024 *\/\n.elementor-widget-image{text-align:center}.elementor-widget-image a{display:inline-block}.elementor-widget-image a img[src$=\".svg\"]{width:48px}.elementor-widget-image img{vertical-align:middle;display:inline-block}<\/style>\t\t\t\t\t\t\t\t\t\t<img decoding=\"async\" src=\"https:\/\/pordzewione.pl\/wp-content\/uploads\/2024\/04\/4db82cd1-c17b-4118-a6e0-ffbdb7ae8a67.jpg\" title=\"4db82cd1-c17b-4118-a6e0-ffbdb7ae8a67\" alt=\"4db82cd1-c17b-4118-a6e0-ffbdb7ae8a67\" loading=\"lazy\" \/>\t\t\t\t\t\t\t\t\t\t\t\t\t<\/div>\n\t\t\t\t<\/div>\n\t\t\t\t<div class=\"elementor-element elementor-element-e5f0514 elementor-widget elementor-widget-image\" data-id=\"e5f0514\" data-element_type=\"widget\" data-widget_type=\"image.default\">\n\t\t\t\t<div class=\"elementor-widget-container\">\n\t\t\t\t\t\t\t\t\t\t\t\t\t<img decoding=\"async\" src=\"https:\/\/pordzewione.pl\/wp-content\/uploads\/2024\/02\/428383104_122119910636182654_3929796550836344228_n-1.jpg\" title=\"428383104_122119910636182654_3929796550836344228_n\" alt=\"428383104_122119910636182654_3929796550836344228_n\" loading=\"lazy\" \/>\t\t\t\t\t\t\t\t\t\t\t\t\t<\/div>\n\t\t\t\t<\/div>\n\t\t\t\t<\/div>\n\t\t\t\t<\/div>\n\t\t<div class=\"elementor-element elementor-element-e88ffa2 e-flex e-con-boxed e-con e-parent\" data-id=\"e88ffa2\" data-element_type=\"container\" data-settings=\"{&quot;content_width&quot;:&quot;boxed&quot;}\" data-core-v316-plus=\"true\">\n\t\t\t\t\t<div class=\"e-con-inner\">\n\t\t\t\t<div class=\"elementor-element elementor-element-c36f3a0 elementor-widget elementor-widget-heading\" data-id=\"c36f3a0\" data-element_type=\"widget\" data-widget_type=\"heading.default\">\n\t\t\t\t<div class=\"elementor-widget-container\">\n\t\t\t<h2 class=\"elementor-heading-title elementor-size-default\"><br>Zapraszamy do naszego <i style=\"\">Pordzewionego<\/i><b> <\/b>\u015bwiata!<\/h2>\t\t<\/div>\n\t\t\t\t<\/div>\n\t\t\t\t<div class=\"elementor-element elementor-element-d5e4331 elementor-widget__width-initial elementor-widget elementor-widget-image\" data-id=\"d5e4331\" data-element_type=\"widget\" data-widget_type=\"image.default\">\n\t\t\t\t<div class=\"elementor-widget-container\">\n\t\t\t\t\t\t\t\t\t\t\t\t\t<img decoding=\"async\" src=\"https:\/\/pordzewione.pl\/wp-content\/uploads\/2024\/04\/701ba8de-c101-4275-a97c-fa095d03223c.jpg\" title=\"701ba8de-c101-4275-a97c-fa095d03223c\" alt=\"701ba8de-c101-4275-a97c-fa095d03223c\" loading=\"lazy\" \/>\t\t\t\t\t\t\t\t\t\t\t\t\t<\/div>\n\t\t\t\t<\/div>\n\t\t\t\t\t<\/div>\n\t\t\t\t<\/div>\n\t\t\t\t<\/div>\n\t\t","protected":false},"excerpt":{"rendered":"<p>Kiedy szukasz oryginalnej ozdoby do ogrodu i nie mo\u017cesz znale\u017a\u0107 niczego, co Ci si\u0119 podoba, zaczynasz bra\u0107 sprawy w swoje r\u0119ce. \u00a0 I tak w\u0142a\u015bnie powsta\u0142o\u00a0Pordzewione. Jeste\u015bmy ma\u0142\u0105, rodzinn\u0105 pracowni\u0105 metaloplastyki i kowalstwa artystycznego, w kt\u00f3rej pracuj\u0105 razem ju\u017c trzy pokolenia. \u0141\u0105cz\u0105c to wieloletnie rzemie\u015blnicze do\u015bwiadczenie z mi\u0142o\u015bci\u0105 do natury i ogrod\u00f3w postanowili\u015bmy sami wykona\u0107 [&hellip;]<\/p>\n","protected":false},"author":1,"featured_media":0,"parent":0,"menu_order":0,"comment_status":"closed","ping_status":"closed","template":"elementor_theme","meta":{"ocean_post_layout":"","ocean_both_sidebars_style":"","ocean_both_sidebars_content_width":0,"ocean_both_sidebars_sidebars_width":0,"ocean_sidebar":"","ocean_second_sidebar":"","ocean_disable_margins":"enable","ocean_add_body_class":"","ocean_shortcode_before_top_bar":"","ocean_shortcode_after_top_bar":"","ocean_shortcode_before_header":"","ocean_shortcode_after_header":"","ocean_has_shortcode":"","ocean_shortcode_after_title":"","ocean_shortcode_before_footer_widgets":"","ocean_shortcode_after_footer_widgets":"","ocean_shortcode_before_footer_bottom":"","ocean_shortcode_after_footer_bottom":"","ocean_display_top_bar":"off","ocean_display_header":"default","ocean_header_style":"","ocean_center_header_left_menu":"","ocean_custom_header_template":"","ocean_custom_logo":0,"ocean_custom_retina_logo":0,"ocean_custom_logo_max_width":0,"ocean_custom_logo_tablet_max_width":0,"ocean_custom_logo_mobile_max_width":0,"ocean_custom_logo_max_height":0,"ocean_custom_logo_tablet_max_height":0,"ocean_custom_logo_mobile_max_height":0,"ocean_header_custom_menu":"","ocean_menu_typo_font_family":"","ocean_menu_typo_font_subset":"","ocean_menu_typo_font_size":0,"ocean_menu_typo_font_size_tablet":0,"ocean_menu_typo_font_size_mobile":0,"ocean_menu_typo_font_size_unit":"px","ocean_menu_typo_font_weight":"","ocean_menu_typo_font_weight_tablet":"","ocean_menu_typo_font_weight_mobile":"","ocean_menu_typo_transform":"","ocean_menu_typo_transform_tablet":"","ocean_menu_typo_transform_mobile":"","ocean_menu_typo_line_height":0,"ocean_menu_typo_line_height_tablet":0,"ocean_menu_typo_line_height_mobile":0,"ocean_menu_typo_line_height_unit":"","ocean_menu_typo_spacing":0,"ocean_menu_typo_spacing_tablet":0,"ocean_menu_typo_spacing_mobile":0,"ocean_menu_typo_spacing_unit":"","ocean_menu_link_color":"","ocean_menu_link_color_hover":"","ocean_menu_link_color_active":"","ocean_menu_link_background":"","ocean_menu_link_hover_background":"","ocean_menu_link_active_background":"","ocean_menu_social_links_bg":"","ocean_menu_social_hover_links_bg":"","ocean_menu_social_links_color":"","ocean_menu_social_hover_links_color":"","ocean_disable_title":"on","ocean_disable_heading":"default","ocean_post_title":"","ocean_post_subheading":"","ocean_post_title_style":"","ocean_post_title_background_color":"","ocean_post_title_background":0,"ocean_post_title_bg_image_position":"","ocean_post_title_bg_image_attachment":"","ocean_post_title_bg_image_repeat":"","ocean_post_title_bg_image_size":"","ocean_post_title_height":0,"ocean_post_title_bg_overlay":0.5,"ocean_post_title_bg_overlay_color":"","ocean_disable_breadcrumbs":"default","ocean_breadcrumbs_color":"","ocean_breadcrumbs_separator_color":"","ocean_breadcrumbs_links_color":"","ocean_breadcrumbs_links_hover_color":"","ocean_display_footer_widgets":"default","ocean_display_footer_bottom":"default","ocean_custom_footer_template":"","footnotes":""},"class_list":["post-19","page","type-page","status-publish","hentry","entry","owp-thumbs-layout-horizontal","owp-btn-very-big","owp-tabs-layout-horizontal","has-no-thumbnails","has-product-nav"],"yoast_head":"<!-- This site is optimized with the Yoast SEO plugin v23.6 - https:\/\/yoast.com\/wordpress\/plugins\/seo\/ -->\n<title>O nas - pordzewione<\/title>\n<meta name=\"robots\" content=\"index, follow, max-snippet:-1, max-image-preview:large, max-video-preview:-1\" \/>\n<link rel=\"canonical\" href=\"https:\/\/pordzewione.pl\/?page_id=19\" \/>\n<meta property=\"og:locale\" content=\"pl_PL\" \/>\n<meta property=\"og:type\" content=\"article\" \/>\n<meta property=\"og:title\" content=\"O nas - pordzewione\" \/>\n<meta property=\"og:description\" content=\"Kiedy szukasz oryginalnej ozdoby do ogrodu i nie mo\u017cesz znale\u017a\u0107 niczego, co Ci si\u0119 podoba, zaczynasz bra\u0107 sprawy w swoje r\u0119ce. \u00a0 I tak w\u0142a\u015bnie powsta\u0142o\u00a0Pordzewione. Jeste\u015bmy ma\u0142\u0105, rodzinn\u0105 pracowni\u0105 metaloplastyki i kowalstwa artystycznego, w kt\u00f3rej pracuj\u0105 razem ju\u017c trzy pokolenia. \u0141\u0105cz\u0105c to wieloletnie rzemie\u015blnicze do\u015bwiadczenie z mi\u0142o\u015bci\u0105 do natury i ogrod\u00f3w postanowili\u015bmy sami wykona\u0107 [&hellip;]\" \/>\n<meta property=\"og:url\" content=\"https:\/\/pordzewione.pl\/?page_id=19\" \/>\n<meta property=\"og:site_name\" content=\"pordzewione\" \/>\n<meta property=\"article:publisher\" content=\"https:\/\/www.facebook.com\/profile.php?id=61555479644022&amp;locale=pl_PL\" \/>\n<meta property=\"article:modified_time\" content=\"2024-04-28T20:49:59+00:00\" \/>\n<meta property=\"og:image\" content=\"http:\/\/pordzewione.pl\/wp-content\/uploads\/elementor\/thumbs\/4db82cd1-c17b-4118-a6e0-ffbdb7ae8a67-qm4j2aexvsvzftpta8t1ceq487p1rd5rvz6g2czgrk.jpg\" \/>\n<meta name=\"twitter:card\" content=\"summary_large_image\" \/>\n<meta name=\"twitter:label1\" content=\"Szacowany czas czytania\" \/>\n\t<meta name=\"twitter:data1\" content=\"1 minuta\" \/>\n<script type=\"application\/ld+json\" class=\"yoast-schema-graph\">{\"@context\":\"https:\/\/schema.org\",\"@graph\":[{\"@type\":\"WebPage\",\"@id\":\"https:\/\/pordzewione.pl\/?page_id=19\",\"url\":\"https:\/\/pordzewione.pl\/?page_id=19\",\"name\":\"O nas - pordzewione\",\"isPartOf\":{\"@id\":\"https:\/\/pordzewione.pl\/#website\"},\"primaryImageOfPage\":{\"@id\":\"https:\/\/pordzewione.pl\/?page_id=19#primaryimage\"},\"image\":{\"@id\":\"https:\/\/pordzewione.pl\/?page_id=19#primaryimage\"},\"thumbnailUrl\":\"http:\/\/pordzewione.pl\/wp-content\/uploads\/elementor\/thumbs\/4db82cd1-c17b-4118-a6e0-ffbdb7ae8a67-qm4j2aexvsvzftpta8t1ceq487p1rd5rvz6g2czgrk.jpg\",\"datePublished\":\"2024-02-22T12:48:50+00:00\",\"dateModified\":\"2024-04-28T20:49:59+00:00\",\"breadcrumb\":{\"@id\":\"https:\/\/pordzewione.pl\/?page_id=19#breadcrumb\"},\"inLanguage\":\"pl-PL\",\"potentialAction\":[{\"@type\":\"ReadAction\",\"target\":[\"https:\/\/pordzewione.pl\/?page_id=19\"]}]},{\"@type\":\"ImageObject\",\"inLanguage\":\"pl-PL\",\"@id\":\"https:\/\/pordzewione.pl\/?page_id=19#primaryimage\",\"url\":\"http:\/\/pordzewione.pl\/wp-content\/uploads\/elementor\/thumbs\/4db82cd1-c17b-4118-a6e0-ffbdb7ae8a67-qm4j2aexvsvzftpta8t1ceq487p1rd5rvz6g2czgrk.jpg\",\"contentUrl\":\"http:\/\/pordzewione.pl\/wp-content\/uploads\/elementor\/thumbs\/4db82cd1-c17b-4118-a6e0-ffbdb7ae8a67-qm4j2aexvsvzftpta8t1ceq487p1rd5rvz6g2czgrk.jpg\"},{\"@type\":\"BreadcrumbList\",\"@id\":\"https:\/\/pordzewione.pl\/?page_id=19#breadcrumb\",\"itemListElement\":[{\"@type\":\"ListItem\",\"position\":1,\"name\":\"Strona g\u0142\u00f3wna\",\"item\":\"https:\/\/pordzewione.pl\/\"},{\"@type\":\"ListItem\",\"position\":2,\"name\":\"O nas\"}]},{\"@type\":\"WebSite\",\"@id\":\"https:\/\/pordzewione.pl\/#website\",\"url\":\"https:\/\/pordzewione.pl\/\",\"name\":\"pordzewione\",\"description\":\"Rdza w ogrodzie\",\"publisher\":{\"@id\":\"https:\/\/pordzewione.pl\/#organization\"},\"potentialAction\":[{\"@type\":\"SearchAction\",\"target\":{\"@type\":\"EntryPoint\",\"urlTemplate\":\"https:\/\/pordzewione.pl\/?s={search_term_string}\"},\"query-input\":{\"@type\":\"PropertyValueSpecification\",\"valueRequired\":true,\"valueName\":\"search_term_string\"}}],\"inLanguage\":\"pl-PL\"},{\"@type\":\"Organization\",\"@id\":\"https:\/\/pordzewione.pl\/#organization\",\"name\":\"pordzewione\",\"url\":\"https:\/\/pordzewione.pl\/\",\"logo\":{\"@type\":\"ImageObject\",\"inLanguage\":\"pl-PL\",\"@id\":\"https:\/\/pordzewione.pl\/#\/schema\/logo\/image\/\",\"url\":\"https:\/\/pordzewione.pl\/wp-content\/uploads\/2024\/04\/cropped-IMG_2216-e1713294513315.png\",\"contentUrl\":\"https:\/\/pordzewione.pl\/wp-content\/uploads\/2024\/04\/cropped-IMG_2216-e1713294513315.png\",\"width\":781,\"height\":394,\"caption\":\"pordzewione\"},\"image\":{\"@id\":\"https:\/\/pordzewione.pl\/#\/schema\/logo\/image\/\"},\"sameAs\":[\"https:\/\/www.facebook.com\/profile.php?id=61555479644022&locale=pl_PL\",\"https:\/\/www.instagram.com\/pordzewione?fbclid=IwY2xjawGDjIdleHRuA2FlbQIxMAABHVtCkg3oYEIUFpDPouTNWOy9NQl_3mFaSwsEOTkriWa1tmWTw5O9AARs5w_aem_SNzw_mtwQbp02WXEccKYMA\"]}]}<\/script>\n<!-- \/ Yoast SEO plugin. -->","yoast_head_json":{"title":"O nas - pordzewione","robots":{"index":"index","follow":"follow","max-snippet":"max-snippet:-1","max-image-preview":"max-image-preview:large","max-video-preview":"max-video-preview:-1"},"canonical":"https:\/\/pordzewione.pl\/?page_id=19","og_locale":"pl_PL","og_type":"article","og_title":"O nas - pordzewione","og_description":"Kiedy szukasz oryginalnej ozdoby do ogrodu i nie mo\u017cesz znale\u017a\u0107 niczego, co Ci si\u0119 podoba, zaczynasz bra\u0107 sprawy w swoje r\u0119ce. \u00a0 I tak w\u0142a\u015bnie powsta\u0142o\u00a0Pordzewione. Jeste\u015bmy ma\u0142\u0105, rodzinn\u0105 pracowni\u0105 metaloplastyki i kowalstwa artystycznego, w kt\u00f3rej pracuj\u0105 razem ju\u017c trzy pokolenia. \u0141\u0105cz\u0105c to wieloletnie rzemie\u015blnicze do\u015bwiadczenie z mi\u0142o\u015bci\u0105 do natury i ogrod\u00f3w postanowili\u015bmy sami wykona\u0107 [&hellip;]","og_url":"https:\/\/pordzewione.pl\/?page_id=19","og_site_name":"pordzewione","article_publisher":"https:\/\/www.facebook.com\/profile.php?id=61555479644022&locale=pl_PL","article_modified_time":"2024-04-28T20:49:59+00:00","og_image":[{"url":"http:\/\/pordzewione.pl\/wp-content\/uploads\/elementor\/thumbs\/4db82cd1-c17b-4118-a6e0-ffbdb7ae8a67-qm4j2aexvsvzftpta8t1ceq487p1rd5rvz6g2czgrk.jpg"}],"twitter_card":"summary_large_image","twitter_misc":{"Szacowany czas czytania":"1 minuta"},"schema":{"@context":"https:\/\/schema.org","@graph":[{"@type":"WebPage","@id":"https:\/\/pordzewione.pl\/?page_id=19","url":"https:\/\/pordzewione.pl\/?page_id=19","name":"O nas - pordzewione","isPartOf":{"@id":"https:\/\/pordzewione.pl\/#website"},"primaryImageOfPage":{"@id":"https:\/\/pordzewione.pl\/?page_id=19#primaryimage"},"image":{"@id":"https:\/\/pordzewione.pl\/?page_id=19#primaryimage"},"thumbnailUrl":"http:\/\/pordzewione.pl\/wp-content\/uploads\/elementor\/thumbs\/4db82cd1-c17b-4118-a6e0-ffbdb7ae8a67-qm4j2aexvsvzftpta8t1ceq487p1rd5rvz6g2czgrk.jpg","datePublished":"2024-02-22T12:48:50+00:00","dateModified":"2024-04-28T20:49:59+00:00","breadcrumb":{"@id":"https:\/\/pordzewione.pl\/?page_id=19#breadcrumb"},"inLanguage":"pl-PL","potentialAction":[{"@type":"ReadAction","target":["https:\/\/pordzewione.pl\/?page_id=19"]}]},{"@type":"ImageObject","inLanguage":"pl-PL","@id":"https:\/\/pordzewione.pl\/?page_id=19#primaryimage","url":"http:\/\/pordzewione.pl\/wp-content\/uploads\/elementor\/thumbs\/4db82cd1-c17b-4118-a6e0-ffbdb7ae8a67-qm4j2aexvsvzftpta8t1ceq487p1rd5rvz6g2czgrk.jpg","contentUrl":"http:\/\/pordzewione.pl\/wp-content\/uploads\/elementor\/thumbs\/4db82cd1-c17b-4118-a6e0-ffbdb7ae8a67-qm4j2aexvsvzftpta8t1ceq487p1rd5rvz6g2czgrk.jpg"},{"@type":"BreadcrumbList","@id":"https:\/\/pordzewione.pl\/?page_id=19#breadcrumb","itemListElement":[{"@type":"ListItem","position":1,"name":"Strona g\u0142\u00f3wna","item":"https:\/\/pordzewione.pl\/"},{"@type":"ListItem","position":2,"name":"O nas"}]},{"@type":"WebSite","@id":"https:\/\/pordzewione.pl\/#website","url":"https:\/\/pordzewione.pl\/","name":"pordzewione","description":"Rdza w ogrodzie","publisher":{"@id":"https:\/\/pordzewione.pl\/#organization"},"potentialAction":[{"@type":"SearchAction","target":{"@type":"EntryPoint","urlTemplate":"https:\/\/pordzewione.pl\/?s={search_term_string}"},"query-input":{"@type":"PropertyValueSpecification","valueRequired":true,"valueName":"search_term_string"}}],"inLanguage":"pl-PL"},{"@type":"Organization","@id":"https:\/\/pordzewione.pl\/#organization","name":"pordzewione","url":"https:\/\/pordzewione.pl\/","logo":{"@type":"ImageObject","inLanguage":"pl-PL","@id":"https:\/\/pordzewione.pl\/#\/schema\/logo\/image\/","url":"https:\/\/pordzewione.pl\/wp-content\/uploads\/2024\/04\/cropped-IMG_2216-e1713294513315.png","contentUrl":"https:\/\/pordzewione.pl\/wp-content\/uploads\/2024\/04\/cropped-IMG_2216-e1713294513315.png","width":781,"height":394,"caption":"pordzewione"},"image":{"@id":"https:\/\/pordzewione.pl\/#\/schema\/logo\/image\/"},"sameAs":["https:\/\/www.facebook.com\/profile.php?id=61555479644022&locale=pl_PL","https:\/\/www.instagram.com\/pordzewione?fbclid=IwY2xjawGDjIdleHRuA2FlbQIxMAABHVtCkg3oYEIUFpDPouTNWOy9NQl_3mFaSwsEOTkriWa1tmWTw5O9AARs5w_aem_SNzw_mtwQbp02WXEccKYMA"]}]}},"jetpack_sharing_enabled":true,"_links":{"self":[{"href":"https:\/\/pordzewione.pl\/index.php?rest_route=\/wp\/v2\/pages\/19","targetHints":{"allow":["GET"]}}],"collection":[{"href":"https:\/\/pordzewione.pl\/index.php?rest_route=\/wp\/v2\/pages"}],"about":[{"href":"https:\/\/pordzewione.pl\/index.php?rest_route=\/wp\/v2\/types\/page"}],"author":[{"embeddable":true,"href":"https:\/\/pordzewione.pl\/index.php?rest_route=\/wp\/v2\/users\/1"}],"replies":[{"embeddable":true,"href":"https:\/\/pordzewione.pl\/index.php?rest_route=%2Fwp%2Fv2%2Fcomments&post=19"}],"version-history":[{"count":243,"href":"https:\/\/pordzewione.pl\/index.php?rest_route=\/wp\/v2\/pages\/19\/revisions"}],"predecessor-version":[{"id":967,"href":"https:\/\/pordzewione.pl\/index.php?rest_route=\/wp\/v2\/pages\/19\/revisions\/967"}],"wp:attachment":[{"href":"https:\/\/pordzewione.pl\/index.php?rest_route=%2Fwp%2Fv2%2Fmedia&parent=19"}],"curies":[{"name":"wp","href":"https:\/\/api.w.org\/{rel}","templated":true}]}}