{"id":1189,"date":"2024-10-01T20:31:02","date_gmt":"2024-10-01T18:31:02","guid":{"rendered":"https:\/\/pordzewione.pl\/?post_type=product&#038;p=1189"},"modified":"2024-10-04T22:05:32","modified_gmt":"2024-10-04T20:05:32","slug":"latarenka-lampion","status":"publish","type":"product","link":"https:\/\/pordzewione.pl\/?product=latarenka-lampion","title":{"rendered":"Latarenka &#8211; lampion"},"content":{"rendered":"","protected":false},"excerpt":{"rendered":"<p>Ta wyj\u0105tkowa latarenka to idealny towarzysz d\u0142ugich wieczor\u00f3w, wprowadzaj\u0105ca ciep\u0142o i przytulno\u015b\u0107 do ka\u017cdej przestrzeni. Wykonana r\u0119cznie z solidnego metalu, pokryta naturaln\u0105 rdz\u0105, \u0142\u0105czy w sobie rustykalny urok z nowoczesnym designem.<\/p>\n<p>Jej subtelna forma oraz starannie wyci\u0119te wzory pozwalaj\u0105 na efektowne rozpraszanie \u015bwiat\u0142a, kt\u00f3re tworzy magiczne cienie w otoczeniu. Latarenka idealnie sprawdzi si\u0119 na tarasie, w ogrodzie czy na stole podczas romantycznej kolacji, dodaj\u0105c niezwyk\u0142ej atmosfery.<\/p>\n<p>Ka\u017cdy egzemplarz jest unikalny, co sprawia, \u017ce staje si\u0119 nie tylko funkcjonalnym elementem, ale tak\u017ce ozdob\u0105, kt\u00f3ra przyci\u0105ga wzrok. Ciesz si\u0119 ciep\u0142em oraz \u015bwiat\u0142em, kt\u00f3re umil\u0105 ka\u017cdy wiecz\u00f3r!<\/p>\n","protected":false},"featured_media":1259,"template":"","meta":{"ocean_post_layout":"","ocean_both_sidebars_style":"","ocean_both_sidebars_content_width":0,"ocean_both_sidebars_sidebars_width":0,"ocean_sidebar":"0","ocean_second_sidebar":"0","ocean_disable_margins":"enable","ocean_add_body_class":"","ocean_shortcode_before_top_bar":"","ocean_shortcode_after_top_bar":"","ocean_shortcode_before_header":"","ocean_shortcode_after_header":"","ocean_has_shortcode":"","ocean_shortcode_after_title":"","ocean_shortcode_before_footer_widgets":"","ocean_shortcode_after_footer_widgets":"","ocean_shortcode_before_footer_bottom":"","ocean_shortcode_after_footer_bottom":"","ocean_display_top_bar":"default","ocean_display_header":"default","ocean_header_style":"","ocean_center_header_left_menu":"0","ocean_custom_header_template":"0","ocean_custom_logo":0,"ocean_custom_retina_logo":0,"ocean_custom_logo_max_width":0,"ocean_custom_logo_tablet_max_width":0,"ocean_custom_logo_mobile_max_width":0,"ocean_custom_logo_max_height":0,"ocean_custom_logo_tablet_max_height":0,"ocean_custom_logo_mobile_max_height":0,"ocean_header_custom_menu":"0","ocean_menu_typo_font_family":"0","ocean_menu_typo_font_subset":"","ocean_menu_typo_font_size":0,"ocean_menu_typo_font_size_tablet":0,"ocean_menu_typo_font_size_mobile":0,"ocean_menu_typo_font_size_unit":"px","ocean_menu_typo_font_weight":"","ocean_menu_typo_font_weight_tablet":"","ocean_menu_typo_font_weight_mobile":"","ocean_menu_typo_transform":"","ocean_menu_typo_transform_tablet":"","ocean_menu_typo_transform_mobile":"","ocean_menu_typo_line_height":0,"ocean_menu_typo_line_height_tablet":0,"ocean_menu_typo_line_height_mobile":0,"ocean_menu_typo_line_height_unit":"","ocean_menu_typo_spacing":0,"ocean_menu_typo_spacing_tablet":0,"ocean_menu_typo_spacing_mobile":0,"ocean_menu_typo_spacing_unit":"","ocean_menu_link_color":"","ocean_menu_link_color_hover":"","ocean_menu_link_color_active":"","ocean_menu_link_background":"","ocean_menu_link_hover_background":"","ocean_menu_link_active_background":"","ocean_menu_social_links_bg":"","ocean_menu_social_hover_links_bg":"","ocean_menu_social_links_color":"","ocean_menu_social_hover_links_color":"","ocean_disable_title":"default","ocean_disable_heading":"default","ocean_post_title":"","ocean_post_subheading":"","ocean_post_title_style":"","ocean_post_title_background_color":"","ocean_post_title_background":0,"ocean_post_title_bg_image_position":"","ocean_post_title_bg_image_attachment":"","ocean_post_title_bg_image_repeat":"","ocean_post_title_bg_image_size":"","ocean_post_title_height":0,"ocean_post_title_bg_overlay":0.5,"ocean_post_title_bg_overlay_color":"","ocean_disable_breadcrumbs":"default","ocean_breadcrumbs_color":"","ocean_breadcrumbs_separator_color":"","ocean_breadcrumbs_links_color":"","ocean_breadcrumbs_links_hover_color":"","ocean_display_footer_widgets":"default","ocean_display_footer_bottom":"default","ocean_custom_footer_template":"0"},"product_brand":[],"product_cat":[20,25],"product_tag":[],"class_list":{"0":"post-1189","1":"product","2":"type-product","3":"status-publish","4":"has-post-thumbnail","6":"product_cat-bez-kategorii","7":"product_cat-ozdoby-ogrodowe","9":"entry","10":"has-media","12":"first","13":"instock","14":"shipping-taxable","15":"purchasable","16":"product-type-variable","17":"has-product-nav","18":"col","19":"span_1_of_4","20":"owp-content-center","21":"owp-thumbs-layout-horizontal","22":"owp-btn-very-big","23":"owp-tabs-layout-horizontal","24":"has-no-thumbnails"},"yoast_head":"<!-- This site is optimized with the Yoast SEO plugin v23.6 - https:\/\/yoast.com\/wordpress\/plugins\/seo\/ -->\n<title>Latarenka - lampion - pordzewione<\/title>\n<meta name=\"robots\" content=\"index, follow, max-snippet:-1, max-image-preview:large, max-video-preview:-1\" \/>\n<link rel=\"canonical\" href=\"https:\/\/pordzewione.pl\/?product=latarenka-lampion\" \/>\n<meta property=\"og:locale\" content=\"pl_PL\" \/>\n<meta property=\"og:type\" content=\"article\" \/>\n<meta property=\"og:title\" content=\"Latarenka - lampion - pordzewione\" \/>\n<meta property=\"og:description\" content=\"Ta wyj\u0105tkowa latarenka to idealny towarzysz d\u0142ugich wieczor\u00f3w, wprowadzaj\u0105ca ciep\u0142o i przytulno\u015b\u0107 do ka\u017cdej przestrzeni. Wykonana r\u0119cznie z solidnego metalu, pokryta naturaln\u0105 rdz\u0105, \u0142\u0105czy w sobie rustykalny urok z nowoczesnym designem.  Jej subtelna forma oraz starannie wyci\u0119te wzory pozwalaj\u0105 na efektowne rozpraszanie \u015bwiat\u0142a, kt\u00f3re tworzy magiczne cienie w otoczeniu. Latarenka idealnie sprawdzi si\u0119 na tarasie, w ogrodzie czy na stole podczas romantycznej kolacji, dodaj\u0105c niezwyk\u0142ej atmosfery.  Ka\u017cdy egzemplarz jest unikalny, co sprawia, \u017ce staje si\u0119 nie tylko funkcjonalnym elementem, ale tak\u017ce ozdob\u0105, kt\u00f3ra przyci\u0105ga wzrok. Ciesz si\u0119 ciep\u0142em oraz \u015bwiat\u0142em, kt\u00f3re umil\u0105 ka\u017cdy wiecz\u00f3r!\" \/>\n<meta property=\"og:url\" content=\"https:\/\/pordzewione.pl\/?product=latarenka-lampion\" \/>\n<meta property=\"og:site_name\" content=\"pordzewione\" \/>\n<meta property=\"article:publisher\" content=\"https:\/\/www.facebook.com\/profile.php?id=61555479644022&amp;locale=pl_PL\" \/>\n<meta property=\"article:modified_time\" content=\"2024-10-04T20:05:32+00:00\" \/>\n<meta property=\"og:image\" content=\"https:\/\/pordzewione.pl\/wp-content\/uploads\/2024\/10\/latarenka-lampka.jpg\" \/>\n\t<meta property=\"og:image:width\" content=\"1600\" \/>\n\t<meta property=\"og:image:height\" content=\"1067\" \/>\n\t<meta property=\"og:image:type\" content=\"image\/jpeg\" \/>\n<meta name=\"twitter:card\" content=\"summary_large_image\" \/>\n<script type=\"application\/ld+json\" class=\"yoast-schema-graph\">{\"@context\":\"https:\/\/schema.org\",\"@graph\":[{\"@type\":\"WebPage\",\"@id\":\"https:\/\/pordzewione.pl\/?product=latarenka-lampion\",\"url\":\"https:\/\/pordzewione.pl\/?product=latarenka-lampion\",\"name\":\"Latarenka - lampion - pordzewione\",\"isPartOf\":{\"@id\":\"https:\/\/pordzewione.pl\/#website\"},\"primaryImageOfPage\":{\"@id\":\"https:\/\/pordzewione.pl\/?product=latarenka-lampion#primaryimage\"},\"image\":{\"@id\":\"https:\/\/pordzewione.pl\/?product=latarenka-lampion#primaryimage\"},\"thumbnailUrl\":\"https:\/\/pordzewione.pl\/wp-content\/uploads\/2024\/10\/latarenka-lampka.jpg\",\"datePublished\":\"2024-10-01T18:31:02+00:00\",\"dateModified\":\"2024-10-04T20:05:32+00:00\",\"breadcrumb\":{\"@id\":\"https:\/\/pordzewione.pl\/?product=latarenka-lampion#breadcrumb\"},\"inLanguage\":\"pl-PL\",\"potentialAction\":[{\"@type\":\"ReadAction\",\"target\":[\"https:\/\/pordzewione.pl\/?product=latarenka-lampion\"]}]},{\"@type\":\"ImageObject\",\"inLanguage\":\"pl-PL\",\"@id\":\"https:\/\/pordzewione.pl\/?product=latarenka-lampion#primaryimage\",\"url\":\"https:\/\/pordzewione.pl\/wp-content\/uploads\/2024\/10\/latarenka-lampka.jpg\",\"contentUrl\":\"https:\/\/pordzewione.pl\/wp-content\/uploads\/2024\/10\/latarenka-lampka.jpg\",\"width\":1600,\"height\":1067},{\"@type\":\"BreadcrumbList\",\"@id\":\"https:\/\/pordzewione.pl\/?product=latarenka-lampion#breadcrumb\",\"itemListElement\":[{\"@type\":\"ListItem\",\"position\":1,\"name\":\"Strona g\u0142\u00f3wna\",\"item\":\"https:\/\/pordzewione.pl\/\"},{\"@type\":\"ListItem\",\"position\":2,\"name\":\"Sklep\",\"item\":\"http:\/\/pordzewione.pl\/?page_id=15\"},{\"@type\":\"ListItem\",\"position\":3,\"name\":\"Latarenka &#8211; lampion\"}]},{\"@type\":\"WebSite\",\"@id\":\"https:\/\/pordzewione.pl\/#website\",\"url\":\"https:\/\/pordzewione.pl\/\",\"name\":\"pordzewione\",\"description\":\"Rdza w ogrodzie\",\"publisher\":{\"@id\":\"https:\/\/pordzewione.pl\/#organization\"},\"potentialAction\":[{\"@type\":\"SearchAction\",\"target\":{\"@type\":\"EntryPoint\",\"urlTemplate\":\"https:\/\/pordzewione.pl\/?s={search_term_string}\"},\"query-input\":{\"@type\":\"PropertyValueSpecification\",\"valueRequired\":true,\"valueName\":\"search_term_string\"}}],\"inLanguage\":\"pl-PL\"},{\"@type\":\"Organization\",\"@id\":\"https:\/\/pordzewione.pl\/#organization\",\"name\":\"pordzewione\",\"url\":\"https:\/\/pordzewione.pl\/\",\"logo\":{\"@type\":\"ImageObject\",\"inLanguage\":\"pl-PL\",\"@id\":\"https:\/\/pordzewione.pl\/#\/schema\/logo\/image\/\",\"url\":\"https:\/\/pordzewione.pl\/wp-content\/uploads\/2024\/04\/cropped-IMG_2216-e1713294513315.png\",\"contentUrl\":\"https:\/\/pordzewione.pl\/wp-content\/uploads\/2024\/04\/cropped-IMG_2216-e1713294513315.png\",\"width\":781,\"height\":394,\"caption\":\"pordzewione\"},\"image\":{\"@id\":\"https:\/\/pordzewione.pl\/#\/schema\/logo\/image\/\"},\"sameAs\":[\"https:\/\/www.facebook.com\/profile.php?id=61555479644022&locale=pl_PL\",\"https:\/\/www.instagram.com\/pordzewione?fbclid=IwY2xjawGDjIdleHRuA2FlbQIxMAABHVtCkg3oYEIUFpDPouTNWOy9NQl_3mFaSwsEOTkriWa1tmWTw5O9AARs5w_aem_SNzw_mtwQbp02WXEccKYMA\"]}]}<\/script>\n<!-- \/ Yoast SEO plugin. -->","yoast_head_json":{"title":"Latarenka - lampion - pordzewione","robots":{"index":"index","follow":"follow","max-snippet":"max-snippet:-1","max-image-preview":"max-image-preview:large","max-video-preview":"max-video-preview:-1"},"canonical":"https:\/\/pordzewione.pl\/?product=latarenka-lampion","og_locale":"pl_PL","og_type":"article","og_title":"Latarenka - lampion - pordzewione","og_description":"Ta wyj\u0105tkowa latarenka to idealny towarzysz d\u0142ugich wieczor\u00f3w, wprowadzaj\u0105ca ciep\u0142o i przytulno\u015b\u0107 do ka\u017cdej przestrzeni. Wykonana r\u0119cznie z solidnego metalu, pokryta naturaln\u0105 rdz\u0105, \u0142\u0105czy w sobie rustykalny urok z nowoczesnym designem.  Jej subtelna forma oraz starannie wyci\u0119te wzory pozwalaj\u0105 na efektowne rozpraszanie \u015bwiat\u0142a, kt\u00f3re tworzy magiczne cienie w otoczeniu. Latarenka idealnie sprawdzi si\u0119 na tarasie, w ogrodzie czy na stole podczas romantycznej kolacji, dodaj\u0105c niezwyk\u0142ej atmosfery.  Ka\u017cdy egzemplarz jest unikalny, co sprawia, \u017ce staje si\u0119 nie tylko funkcjonalnym elementem, ale tak\u017ce ozdob\u0105, kt\u00f3ra przyci\u0105ga wzrok. Ciesz si\u0119 ciep\u0142em oraz \u015bwiat\u0142em, kt\u00f3re umil\u0105 ka\u017cdy wiecz\u00f3r!","og_url":"https:\/\/pordzewione.pl\/?product=latarenka-lampion","og_site_name":"pordzewione","article_publisher":"https:\/\/www.facebook.com\/profile.php?id=61555479644022&locale=pl_PL","article_modified_time":"2024-10-04T20:05:32+00:00","og_image":[{"width":1600,"height":1067,"url":"https:\/\/pordzewione.pl\/wp-content\/uploads\/2024\/10\/latarenka-lampka.jpg","type":"image\/jpeg"}],"twitter_card":"summary_large_image","schema":{"@context":"https:\/\/schema.org","@graph":[{"@type":"WebPage","@id":"https:\/\/pordzewione.pl\/?product=latarenka-lampion","url":"https:\/\/pordzewione.pl\/?product=latarenka-lampion","name":"Latarenka - lampion - pordzewione","isPartOf":{"@id":"https:\/\/pordzewione.pl\/#website"},"primaryImageOfPage":{"@id":"https:\/\/pordzewione.pl\/?product=latarenka-lampion#primaryimage"},"image":{"@id":"https:\/\/pordzewione.pl\/?product=latarenka-lampion#primaryimage"},"thumbnailUrl":"https:\/\/pordzewione.pl\/wp-content\/uploads\/2024\/10\/latarenka-lampka.jpg","datePublished":"2024-10-01T18:31:02+00:00","dateModified":"2024-10-04T20:05:32+00:00","breadcrumb":{"@id":"https:\/\/pordzewione.pl\/?product=latarenka-lampion#breadcrumb"},"inLanguage":"pl-PL","potentialAction":[{"@type":"ReadAction","target":["https:\/\/pordzewione.pl\/?product=latarenka-lampion"]}]},{"@type":"ImageObject","inLanguage":"pl-PL","@id":"https:\/\/pordzewione.pl\/?product=latarenka-lampion#primaryimage","url":"https:\/\/pordzewione.pl\/wp-content\/uploads\/2024\/10\/latarenka-lampka.jpg","contentUrl":"https:\/\/pordzewione.pl\/wp-content\/uploads\/2024\/10\/latarenka-lampka.jpg","width":1600,"height":1067},{"@type":"BreadcrumbList","@id":"https:\/\/pordzewione.pl\/?product=latarenka-lampion#breadcrumb","itemListElement":[{"@type":"ListItem","position":1,"name":"Strona g\u0142\u00f3wna","item":"https:\/\/pordzewione.pl\/"},{"@type":"ListItem","position":2,"name":"Sklep","item":"http:\/\/pordzewione.pl\/?page_id=15"},{"@type":"ListItem","position":3,"name":"Latarenka &#8211; lampion"}]},{"@type":"WebSite","@id":"https:\/\/pordzewione.pl\/#website","url":"https:\/\/pordzewione.pl\/","name":"pordzewione","description":"Rdza w ogrodzie","publisher":{"@id":"https:\/\/pordzewione.pl\/#organization"},"potentialAction":[{"@type":"SearchAction","target":{"@type":"EntryPoint","urlTemplate":"https:\/\/pordzewione.pl\/?s={search_term_string}"},"query-input":{"@type":"PropertyValueSpecification","valueRequired":true,"valueName":"search_term_string"}}],"inLanguage":"pl-PL"},{"@type":"Organization","@id":"https:\/\/pordzewione.pl\/#organization","name":"pordzewione","url":"https:\/\/pordzewione.pl\/","logo":{"@type":"ImageObject","inLanguage":"pl-PL","@id":"https:\/\/pordzewione.pl\/#\/schema\/logo\/image\/","url":"https:\/\/pordzewione.pl\/wp-content\/uploads\/2024\/04\/cropped-IMG_2216-e1713294513315.png","contentUrl":"https:\/\/pordzewione.pl\/wp-content\/uploads\/2024\/04\/cropped-IMG_2216-e1713294513315.png","width":781,"height":394,"caption":"pordzewione"},"image":{"@id":"https:\/\/pordzewione.pl\/#\/schema\/logo\/image\/"},"sameAs":["https:\/\/www.facebook.com\/profile.php?id=61555479644022&locale=pl_PL","https:\/\/www.instagram.com\/pordzewione?fbclid=IwY2xjawGDjIdleHRuA2FlbQIxMAABHVtCkg3oYEIUFpDPouTNWOy9NQl_3mFaSwsEOTkriWa1tmWTw5O9AARs5w_aem_SNzw_mtwQbp02WXEccKYMA"]}]}},"jetpack_sharing_enabled":true,"_links":{"self":[{"href":"https:\/\/pordzewione.pl\/index.php?rest_route=\/wp\/v2\/product\/1189","targetHints":{"allow":["GET"]}}],"collection":[{"href":"https:\/\/pordzewione.pl\/index.php?rest_route=\/wp\/v2\/product"}],"about":[{"href":"https:\/\/pordzewione.pl\/index.php?rest_route=\/wp\/v2\/types\/product"}],"wp:featuredmedia":[{"embeddable":true,"href":"https:\/\/pordzewione.pl\/index.php?rest_route=\/wp\/v2\/media\/1259"}],"wp:attachment":[{"href":"https:\/\/pordzewione.pl\/index.php?rest_route=%2Fwp%2Fv2%2Fmedia&parent=1189"}],"wp:term":[{"taxonomy":"product_brand","embeddable":true,"href":"https:\/\/pordzewione.pl\/index.php?rest_route=%2Fwp%2Fv2%2Fproduct_brand&post=1189"},{"taxonomy":"product_cat","embeddable":true,"href":"https:\/\/pordzewione.pl\/index.php?rest_route=%2Fwp%2Fv2%2Fproduct_cat&post=1189"},{"taxonomy":"product_tag","embeddable":true,"href":"https:\/\/pordzewione.pl\/index.php?rest_route=%2Fwp%2Fv2%2Fproduct_tag&post=1189"}],"curies":[{"name":"wp","href":"https:\/\/api.w.org\/{rel}","templated":true}]}}