{"id":828,"date":"2024-04-10T22:16:56","date_gmt":"2024-04-10T20:16:56","guid":{"rendered":"https:\/\/pordzewione.pl\/?post_type=product&#038;p=828"},"modified":"2024-10-01T22:13:53","modified_gmt":"2024-10-01T20:13:53","slug":"serce","status":"publish","type":"product","link":"https:\/\/pordzewione.pl\/?product=serce","title":{"rendered":"Serce zawieszka"},"content":{"rendered":"<p><strong>Wymiary produktu:<\/strong><\/p>\n<hr \/>\n<p>Wi\u0119ksze, zewn\u0119trzne serce &#8211; ok. 18 x 18 cm<\/p>\n<hr \/>\n<p>Mniejsze, wewn\u0119trzne serce &#8211; ok. 8,5\u00a0 x 9 cm<\/p>\n<hr \/>\n<p>Oba elementy wykonane z blachy o grubo\u015bci 2 mm.<\/p>\n","protected":false},"excerpt":{"rendered":"<p>Zawieszka w kszta\u0142cie serca sk\u0142ada si\u0119 z dw\u00f3ch element\u00f3w, kt\u00f3re wyci\u0119te s\u0105 z blachy o grubo\u015bci 2mm. Jak wszystkie nasze produkty pokryta jest naturaln\u0105 rdz\u0105.<\/p>\n<p>Mniejsze serce zawieszone jest na \u0142a\u0144cuszku, dzi\u0119ki czemu delikatnie porusza si\u0119 na wietrze.<\/p>\n<p>Pi\u0119knie prezentuje si\u0119 w\u015br\u00f3d ro\u015blin, subtelnie wynurzaj\u0105c si\u0119 z zieleni i przyci\u0105gaj\u0105c wzrok swoim nienachalnym urokiem.<\/p>\n<p>To niezwyk\u0142a dekoracja, kt\u00f3ra sprawi, \u017ce ogr\u00f3d, taras czy wn\u0119trza nabior\u0105 romantycznego charakteru. Nasza ozdoba mo\u017ce by\u0107 zawieszona w dowolnym miejscu lub na ozdobnym stojaku, kt\u00f3ry r\u00f3wnie\u017c mo\u017cna zakupi\u0107 w naszym sklepie. Pozwala to na elastyczne dostosowanie do Twoich preferencji i stylu aran\u017cacji.<\/p>\n<p>Cena dotyczy jednej sztuki.<\/p>\n","protected":false},"featured_media":831,"template":"","meta":{"ocean_post_layout":"","ocean_both_sidebars_style":"","ocean_both_sidebars_content_width":0,"ocean_both_sidebars_sidebars_width":0,"ocean_sidebar":"0","ocean_second_sidebar":"0","ocean_disable_margins":"enable","ocean_add_body_class":"","ocean_shortcode_before_top_bar":"","ocean_shortcode_after_top_bar":"","ocean_shortcode_before_header":"","ocean_shortcode_after_header":"","ocean_has_shortcode":"","ocean_shortcode_after_title":"","ocean_shortcode_before_footer_widgets":"","ocean_shortcode_after_footer_widgets":"","ocean_shortcode_before_footer_bottom":"","ocean_shortcode_after_footer_bottom":"","ocean_display_top_bar":"default","ocean_display_header":"default","ocean_header_style":"","ocean_center_header_left_menu":"0","ocean_custom_header_template":"0","ocean_custom_logo":0,"ocean_custom_retina_logo":0,"ocean_custom_logo_max_width":0,"ocean_custom_logo_tablet_max_width":0,"ocean_custom_logo_mobile_max_width":0,"ocean_custom_logo_max_height":0,"ocean_custom_logo_tablet_max_height":0,"ocean_custom_logo_mobile_max_height":0,"ocean_header_custom_menu":"0","ocean_menu_typo_font_family":"0","ocean_menu_typo_font_subset":"","ocean_menu_typo_font_size":0,"ocean_menu_typo_font_size_tablet":0,"ocean_menu_typo_font_size_mobile":0,"ocean_menu_typo_font_size_unit":"px","ocean_menu_typo_font_weight":"","ocean_menu_typo_font_weight_tablet":"","ocean_menu_typo_font_weight_mobile":"","ocean_menu_typo_transform":"","ocean_menu_typo_transform_tablet":"","ocean_menu_typo_transform_mobile":"","ocean_menu_typo_line_height":0,"ocean_menu_typo_line_height_tablet":0,"ocean_menu_typo_line_height_mobile":0,"ocean_menu_typo_line_height_unit":"","ocean_menu_typo_spacing":0,"ocean_menu_typo_spacing_tablet":0,"ocean_menu_typo_spacing_mobile":0,"ocean_menu_typo_spacing_unit":"","ocean_menu_link_color":"","ocean_menu_link_color_hover":"","ocean_menu_link_color_active":"","ocean_menu_link_background":"","ocean_menu_link_hover_background":"","ocean_menu_link_active_background":"","ocean_menu_social_links_bg":"","ocean_menu_social_hover_links_bg":"","ocean_menu_social_links_color":"","ocean_menu_social_hover_links_color":"","ocean_disable_title":"default","ocean_disable_heading":"default","ocean_post_title":"","ocean_post_subheading":"","ocean_post_title_style":"","ocean_post_title_background_color":"","ocean_post_title_background":0,"ocean_post_title_bg_image_position":"","ocean_post_title_bg_image_attachment":"","ocean_post_title_bg_image_repeat":"","ocean_post_title_bg_image_size":"","ocean_post_title_height":0,"ocean_post_title_bg_overlay":0.5,"ocean_post_title_bg_overlay_color":"","ocean_disable_breadcrumbs":"default","ocean_breadcrumbs_color":"","ocean_breadcrumbs_separator_color":"","ocean_breadcrumbs_links_color":"","ocean_breadcrumbs_links_hover_color":"","ocean_display_footer_widgets":"default","ocean_display_footer_bottom":"default","ocean_custom_footer_template":"0"},"product_brand":[],"product_cat":[25,22],"product_tag":[],"class_list":{"0":"post-828","1":"product","2":"type-product","3":"status-publish","4":"has-post-thumbnail","6":"product_cat-ozdoby-ogrodowe","7":"product_cat-produkty","8":"product_shipping_class-kurier","10":"entry","11":"has-media","13":"first","14":"instock","15":"shipping-taxable","16":"purchasable","17":"product-type-simple","18":"has-product-nav","19":"col","20":"span_1_of_4","21":"owp-content-center","22":"owp-thumbs-layout-horizontal","23":"owp-btn-very-big","24":"owp-tabs-layout-horizontal"},"yoast_head":"<!-- This site is optimized with the Yoast SEO plugin v23.6 - https:\/\/yoast.com\/wordpress\/plugins\/seo\/ -->\n<title>Serce zawieszka - pordzewione<\/title>\n<meta name=\"robots\" content=\"index, follow, max-snippet:-1, max-image-preview:large, max-video-preview:-1\" \/>\n<link rel=\"canonical\" href=\"https:\/\/pordzewione.pl\/?product=serce\" \/>\n<meta property=\"og:locale\" content=\"pl_PL\" \/>\n<meta property=\"og:type\" content=\"article\" \/>\n<meta property=\"og:title\" content=\"Serce zawieszka - pordzewione\" \/>\n<meta property=\"og:description\" content=\"Zawieszka w kszta\u0142cie serca sk\u0142ada si\u0119 z dw\u00f3ch element\u00f3w, kt\u00f3re wyci\u0119te s\u0105 z blachy o grubo\u015bci 2mm. Jak wszystkie nasze produkty pokryta jest naturaln\u0105 rdz\u0105.  Mniejsze serce zawieszone jest na \u0142a\u0144cuszku, dzi\u0119ki czemu delikatnie porusza si\u0119 na wietrze.  Pi\u0119knie prezentuje si\u0119 w\u015br\u00f3d ro\u015blin, subtelnie wynurzaj\u0105c si\u0119 z zieleni i przyci\u0105gaj\u0105c wzrok swoim nienachalnym urokiem.  To niezwyk\u0142a dekoracja, kt\u00f3ra sprawi, \u017ce ogr\u00f3d, taras czy wn\u0119trza nabior\u0105 romantycznego charakteru. Nasza ozdoba mo\u017ce by\u0107 zawieszona w dowolnym miejscu lub na ozdobnym stojaku, kt\u00f3ry r\u00f3wnie\u017c mo\u017cna zakupi\u0107 w naszym sklepie. Pozwala to na elastyczne dostosowanie do Twoich preferencji i stylu aran\u017cacji.  Cena dotyczy jednej sztuki.\" \/>\n<meta property=\"og:url\" content=\"https:\/\/pordzewione.pl\/?product=serce\" \/>\n<meta property=\"og:site_name\" content=\"pordzewione\" \/>\n<meta property=\"article:publisher\" content=\"https:\/\/www.facebook.com\/profile.php?id=61555479644022&amp;locale=pl_PL\" \/>\n<meta property=\"article:modified_time\" content=\"2024-10-01T20:13:53+00:00\" \/>\n<meta property=\"og:image\" content=\"https:\/\/pordzewione.pl\/wp-content\/uploads\/2024\/04\/0530c57e-d691-4adb-aa43-3e0cbbdc3202.jpg\" \/>\n\t<meta property=\"og:image:width\" content=\"1200\" \/>\n\t<meta property=\"og:image:height\" content=\"1600\" \/>\n\t<meta property=\"og:image:type\" content=\"image\/jpeg\" \/>\n<meta name=\"twitter:card\" content=\"summary_large_image\" \/>\n<script type=\"application\/ld+json\" class=\"yoast-schema-graph\">{\"@context\":\"https:\/\/schema.org\",\"@graph\":[{\"@type\":\"WebPage\",\"@id\":\"https:\/\/pordzewione.pl\/?product=serce\",\"url\":\"https:\/\/pordzewione.pl\/?product=serce\",\"name\":\"Serce zawieszka - pordzewione\",\"isPartOf\":{\"@id\":\"https:\/\/pordzewione.pl\/#website\"},\"primaryImageOfPage\":{\"@id\":\"https:\/\/pordzewione.pl\/?product=serce#primaryimage\"},\"image\":{\"@id\":\"https:\/\/pordzewione.pl\/?product=serce#primaryimage\"},\"thumbnailUrl\":\"https:\/\/pordzewione.pl\/wp-content\/uploads\/2024\/04\/0530c57e-d691-4adb-aa43-3e0cbbdc3202.jpg\",\"datePublished\":\"2024-04-10T20:16:56+00:00\",\"dateModified\":\"2024-10-01T20:13:53+00:00\",\"breadcrumb\":{\"@id\":\"https:\/\/pordzewione.pl\/?product=serce#breadcrumb\"},\"inLanguage\":\"pl-PL\",\"potentialAction\":[{\"@type\":\"ReadAction\",\"target\":[\"https:\/\/pordzewione.pl\/?product=serce\"]}]},{\"@type\":\"ImageObject\",\"inLanguage\":\"pl-PL\",\"@id\":\"https:\/\/pordzewione.pl\/?product=serce#primaryimage\",\"url\":\"https:\/\/pordzewione.pl\/wp-content\/uploads\/2024\/04\/0530c57e-d691-4adb-aa43-3e0cbbdc3202.jpg\",\"contentUrl\":\"https:\/\/pordzewione.pl\/wp-content\/uploads\/2024\/04\/0530c57e-d691-4adb-aa43-3e0cbbdc3202.jpg\",\"width\":1200,\"height\":1600},{\"@type\":\"BreadcrumbList\",\"@id\":\"https:\/\/pordzewione.pl\/?product=serce#breadcrumb\",\"itemListElement\":[{\"@type\":\"ListItem\",\"position\":1,\"name\":\"Strona g\u0142\u00f3wna\",\"item\":\"https:\/\/pordzewione.pl\/\"},{\"@type\":\"ListItem\",\"position\":2,\"name\":\"Sklep\",\"item\":\"http:\/\/pordzewione.pl\/?page_id=15\"},{\"@type\":\"ListItem\",\"position\":3,\"name\":\"Serce zawieszka\"}]},{\"@type\":\"WebSite\",\"@id\":\"https:\/\/pordzewione.pl\/#website\",\"url\":\"https:\/\/pordzewione.pl\/\",\"name\":\"pordzewione\",\"description\":\"Rdza w ogrodzie\",\"publisher\":{\"@id\":\"https:\/\/pordzewione.pl\/#organization\"},\"potentialAction\":[{\"@type\":\"SearchAction\",\"target\":{\"@type\":\"EntryPoint\",\"urlTemplate\":\"https:\/\/pordzewione.pl\/?s={search_term_string}\"},\"query-input\":{\"@type\":\"PropertyValueSpecification\",\"valueRequired\":true,\"valueName\":\"search_term_string\"}}],\"inLanguage\":\"pl-PL\"},{\"@type\":\"Organization\",\"@id\":\"https:\/\/pordzewione.pl\/#organization\",\"name\":\"pordzewione\",\"url\":\"https:\/\/pordzewione.pl\/\",\"logo\":{\"@type\":\"ImageObject\",\"inLanguage\":\"pl-PL\",\"@id\":\"https:\/\/pordzewione.pl\/#\/schema\/logo\/image\/\",\"url\":\"https:\/\/pordzewione.pl\/wp-content\/uploads\/2024\/04\/cropped-IMG_2216-e1713294513315.png\",\"contentUrl\":\"https:\/\/pordzewione.pl\/wp-content\/uploads\/2024\/04\/cropped-IMG_2216-e1713294513315.png\",\"width\":781,\"height\":394,\"caption\":\"pordzewione\"},\"image\":{\"@id\":\"https:\/\/pordzewione.pl\/#\/schema\/logo\/image\/\"},\"sameAs\":[\"https:\/\/www.facebook.com\/profile.php?id=61555479644022&locale=pl_PL\",\"https:\/\/www.instagram.com\/pordzewione?fbclid=IwY2xjawGDjIdleHRuA2FlbQIxMAABHVtCkg3oYEIUFpDPouTNWOy9NQl_3mFaSwsEOTkriWa1tmWTw5O9AARs5w_aem_SNzw_mtwQbp02WXEccKYMA\"]}]}<\/script>\n<!-- \/ Yoast SEO plugin. -->","yoast_head_json":{"title":"Serce zawieszka - pordzewione","robots":{"index":"index","follow":"follow","max-snippet":"max-snippet:-1","max-image-preview":"max-image-preview:large","max-video-preview":"max-video-preview:-1"},"canonical":"https:\/\/pordzewione.pl\/?product=serce","og_locale":"pl_PL","og_type":"article","og_title":"Serce zawieszka - pordzewione","og_description":"Zawieszka w kszta\u0142cie serca sk\u0142ada si\u0119 z dw\u00f3ch element\u00f3w, kt\u00f3re wyci\u0119te s\u0105 z blachy o grubo\u015bci 2mm. Jak wszystkie nasze produkty pokryta jest naturaln\u0105 rdz\u0105.  Mniejsze serce zawieszone jest na \u0142a\u0144cuszku, dzi\u0119ki czemu delikatnie porusza si\u0119 na wietrze.  Pi\u0119knie prezentuje si\u0119 w\u015br\u00f3d ro\u015blin, subtelnie wynurzaj\u0105c si\u0119 z zieleni i przyci\u0105gaj\u0105c wzrok swoim nienachalnym urokiem.  To niezwyk\u0142a dekoracja, kt\u00f3ra sprawi, \u017ce ogr\u00f3d, taras czy wn\u0119trza nabior\u0105 romantycznego charakteru. Nasza ozdoba mo\u017ce by\u0107 zawieszona w dowolnym miejscu lub na ozdobnym stojaku, kt\u00f3ry r\u00f3wnie\u017c mo\u017cna zakupi\u0107 w naszym sklepie. Pozwala to na elastyczne dostosowanie do Twoich preferencji i stylu aran\u017cacji.  Cena dotyczy jednej sztuki.","og_url":"https:\/\/pordzewione.pl\/?product=serce","og_site_name":"pordzewione","article_publisher":"https:\/\/www.facebook.com\/profile.php?id=61555479644022&locale=pl_PL","article_modified_time":"2024-10-01T20:13:53+00:00","og_image":[{"width":1200,"height":1600,"url":"https:\/\/pordzewione.pl\/wp-content\/uploads\/2024\/04\/0530c57e-d691-4adb-aa43-3e0cbbdc3202.jpg","type":"image\/jpeg"}],"twitter_card":"summary_large_image","schema":{"@context":"https:\/\/schema.org","@graph":[{"@type":"WebPage","@id":"https:\/\/pordzewione.pl\/?product=serce","url":"https:\/\/pordzewione.pl\/?product=serce","name":"Serce zawieszka - pordzewione","isPartOf":{"@id":"https:\/\/pordzewione.pl\/#website"},"primaryImageOfPage":{"@id":"https:\/\/pordzewione.pl\/?product=serce#primaryimage"},"image":{"@id":"https:\/\/pordzewione.pl\/?product=serce#primaryimage"},"thumbnailUrl":"https:\/\/pordzewione.pl\/wp-content\/uploads\/2024\/04\/0530c57e-d691-4adb-aa43-3e0cbbdc3202.jpg","datePublished":"2024-04-10T20:16:56+00:00","dateModified":"2024-10-01T20:13:53+00:00","breadcrumb":{"@id":"https:\/\/pordzewione.pl\/?product=serce#breadcrumb"},"inLanguage":"pl-PL","potentialAction":[{"@type":"ReadAction","target":["https:\/\/pordzewione.pl\/?product=serce"]}]},{"@type":"ImageObject","inLanguage":"pl-PL","@id":"https:\/\/pordzewione.pl\/?product=serce#primaryimage","url":"https:\/\/pordzewione.pl\/wp-content\/uploads\/2024\/04\/0530c57e-d691-4adb-aa43-3e0cbbdc3202.jpg","contentUrl":"https:\/\/pordzewione.pl\/wp-content\/uploads\/2024\/04\/0530c57e-d691-4adb-aa43-3e0cbbdc3202.jpg","width":1200,"height":1600},{"@type":"BreadcrumbList","@id":"https:\/\/pordzewione.pl\/?product=serce#breadcrumb","itemListElement":[{"@type":"ListItem","position":1,"name":"Strona g\u0142\u00f3wna","item":"https:\/\/pordzewione.pl\/"},{"@type":"ListItem","position":2,"name":"Sklep","item":"http:\/\/pordzewione.pl\/?page_id=15"},{"@type":"ListItem","position":3,"name":"Serce zawieszka"}]},{"@type":"WebSite","@id":"https:\/\/pordzewione.pl\/#website","url":"https:\/\/pordzewione.pl\/","name":"pordzewione","description":"Rdza w ogrodzie","publisher":{"@id":"https:\/\/pordzewione.pl\/#organization"},"potentialAction":[{"@type":"SearchAction","target":{"@type":"EntryPoint","urlTemplate":"https:\/\/pordzewione.pl\/?s={search_term_string}"},"query-input":{"@type":"PropertyValueSpecification","valueRequired":true,"valueName":"search_term_string"}}],"inLanguage":"pl-PL"},{"@type":"Organization","@id":"https:\/\/pordzewione.pl\/#organization","name":"pordzewione","url":"https:\/\/pordzewione.pl\/","logo":{"@type":"ImageObject","inLanguage":"pl-PL","@id":"https:\/\/pordzewione.pl\/#\/schema\/logo\/image\/","url":"https:\/\/pordzewione.pl\/wp-content\/uploads\/2024\/04\/cropped-IMG_2216-e1713294513315.png","contentUrl":"https:\/\/pordzewione.pl\/wp-content\/uploads\/2024\/04\/cropped-IMG_2216-e1713294513315.png","width":781,"height":394,"caption":"pordzewione"},"image":{"@id":"https:\/\/pordzewione.pl\/#\/schema\/logo\/image\/"},"sameAs":["https:\/\/www.facebook.com\/profile.php?id=61555479644022&locale=pl_PL","https:\/\/www.instagram.com\/pordzewione?fbclid=IwY2xjawGDjIdleHRuA2FlbQIxMAABHVtCkg3oYEIUFpDPouTNWOy9NQl_3mFaSwsEOTkriWa1tmWTw5O9AARs5w_aem_SNzw_mtwQbp02WXEccKYMA"]}]}},"jetpack_sharing_enabled":true,"_links":{"self":[{"href":"https:\/\/pordzewione.pl\/index.php?rest_route=\/wp\/v2\/product\/828","targetHints":{"allow":["GET"]}}],"collection":[{"href":"https:\/\/pordzewione.pl\/index.php?rest_route=\/wp\/v2\/product"}],"about":[{"href":"https:\/\/pordzewione.pl\/index.php?rest_route=\/wp\/v2\/types\/product"}],"wp:featuredmedia":[{"embeddable":true,"href":"https:\/\/pordzewione.pl\/index.php?rest_route=\/wp\/v2\/media\/831"}],"wp:attachment":[{"href":"https:\/\/pordzewione.pl\/index.php?rest_route=%2Fwp%2Fv2%2Fmedia&parent=828"}],"wp:term":[{"taxonomy":"product_brand","embeddable":true,"href":"https:\/\/pordzewione.pl\/index.php?rest_route=%2Fwp%2Fv2%2Fproduct_brand&post=828"},{"taxonomy":"product_cat","embeddable":true,"href":"https:\/\/pordzewione.pl\/index.php?rest_route=%2Fwp%2Fv2%2Fproduct_cat&post=828"},{"taxonomy":"product_tag","embeddable":true,"href":"https:\/\/pordzewione.pl\/index.php?rest_route=%2Fwp%2Fv2%2Fproduct_tag&post=828"}],"curies":[{"name":"wp","href":"https:\/\/api.w.org\/{rel}","templated":true}]}}